{"id":500,"date":"2022-05-30T10:22:31","date_gmt":"2022-05-30T07:22:31","guid":{"rendered":"http:\/\/laviboutique.lt\/?page_id=500"},"modified":"2022-05-31T21:38:54","modified_gmt":"2022-05-31T18:38:54","slug":"privatumo-politika","status":"publish","type":"page","link":"https:\/\/laviboutique.lt\/index.php\/privatumo-politika\/","title":{"rendered":"Privatumo politika"},"content":{"rendered":"\t\t<div data-elementor-type=\"wp-page\" data-elementor-id=\"500\" class=\"elementor elementor-500\">\n\t\t\t\t\t\t<section class=\"ob-is-breaking-bad elementor-section elementor-top-section elementor-element elementor-element-958aaef elementor-section-boxed elementor-section-height-default elementor-section-height-default\" data-id=\"958aaef\" data-element_type=\"section\" data-settings=\"{&quot;_ob_bbad_use_it&quot;:&quot;yes&quot;,&quot;_ob_bbad_sssic_use&quot;:&quot;no&quot;,&quot;_ob_glider_is_slider&quot;:&quot;no&quot;}\">\n\t\t\t\t\t\t<div class=\"elementor-container elementor-column-gap-default\">\n\t\t\t\t\t<div class=\"elementor-column elementor-col-100 elementor-top-column elementor-element elementor-element-bedb9a4\" data-id=\"bedb9a4\" data-element_type=\"column\" data-settings=\"{&quot;_ob_bbad_is_stalker&quot;:&quot;no&quot;,&quot;_ob_teleporter_use&quot;:false,&quot;_ob_column_hoveranimator&quot;:&quot;no&quot;,&quot;_ob_column_has_pseudo&quot;:&quot;no&quot;}\">\n\t\t\t<div class=\"elementor-widget-wrap elementor-element-populated\">\n\t\t\t\t\t\t<div class=\"elementor-element elementor-element-b4e1b64 ob-harakiri-inherit ob-has-background-overlay elementor-widget elementor-widget-heading\" data-id=\"b4e1b64\" data-element_type=\"widget\" data-settings=\"{&quot;_ob_use_harakiri&quot;:&quot;yes&quot;,&quot;_ob_harakiri_writing_mode&quot;:&quot;inherit&quot;,&quot;_ob_harakiri_text_clip&quot;:&quot;none&quot;,&quot;_ob_perspektive_use&quot;:&quot;no&quot;,&quot;_ob_poopart_use&quot;:&quot;yes&quot;,&quot;_ob_shadough_use&quot;:&quot;no&quot;,&quot;_ob_allow_hoveranimator&quot;:&quot;no&quot;,&quot;_ob_widget_stalker_use&quot;:&quot;no&quot;}\" data-widget_type=\"heading.default\">\n\t\t\t\t<div class=\"elementor-widget-container\">\n\t\t\t<style>\/*! elementor - v3.23.0 - 05-08-2024 *\/\n.elementor-heading-title{padding:0;margin:0;line-height:1}.elementor-widget-heading .elementor-heading-title[class*=elementor-size-]>a{color:inherit;font-size:inherit;line-height:inherit}.elementor-widget-heading .elementor-heading-title.elementor-size-small{font-size:15px}.elementor-widget-heading .elementor-heading-title.elementor-size-medium{font-size:19px}.elementor-widget-heading .elementor-heading-title.elementor-size-large{font-size:29px}.elementor-widget-heading .elementor-heading-title.elementor-size-xl{font-size:39px}.elementor-widget-heading .elementor-heading-title.elementor-size-xxl{font-size:59px}<\/style><h2 class=\"elementor-heading-title elementor-size-default\"><p style=\"margin-bottom: 1.3em; color: rgb(119, 119, 119); font-family: Poppins, sans-serif; font-size: 16px; font-weight: 400; letter-spacing: normal; white-space: normal;\">Visas svetain\u0117s naudojimo ir preki\u0173 pirkimo \u2013 pardavimo taisykles rasite puslapyje&nbsp;<a href=\"https:\/\/laviboutique.lt\/index.php\/taisykles\/\" style=\"touch-action: manipulation; color: rgb(51, 72, 98); text-decoration-line: none;\">Taisykl\u0117s.<\/a><\/p><ol style=\"margin-bottom: 1.3em; color: rgb(119, 119, 119); font-family: Poppins, sans-serif; font-size: 16px; font-weight: 400; letter-spacing: normal; white-space: normal;\"><li style=\"margin-bottom: 0.6em; margin-left: 1.3em;\"><span style=\"font-weight: bolder;\">Duomen\u0173 valdytojas<\/span><\/li><\/ol><p style=\"margin-bottom: 1.3em; color: rgb(119, 119, 119); font-family: Poppins, sans-serif; font-size: 16px; font-weight: 400; letter-spacing: normal; white-space: normal; padding-left: 40px;\"><span style=\"color: rgb(85, 85, 85);\">J\u016bs\u0173 teikiam\u0173 duomen\u0173 valdytojas yra internetin\u0117s svetain\u0117s www.laviboutique.lt administratorius \u2013 Laura Ligeikyte Gaidan , I.V kodas 1009378 <\/span><span style=\"color: rgb(85, 85, 85);\">&nbsp;el. pa\u0161to adresas: info@laviboutique.lt<\/span><span style=\"color: rgb(85, 85, 85);\">), (toliau \u2013 Administratorius).<\/span><\/p><ol start=\"2\" style=\"margin-bottom: 1.3em; color: rgb(119, 119, 119); font-family: Poppins, sans-serif; font-size: 16px; font-weight: 400; letter-spacing: normal; white-space: normal;\"><li style=\"margin-bottom: 0.6em; margin-left: 1.3em;\"><span style=\"font-weight: bolder;\">Privatumo politikos tikslai<\/span><ul style=\"list-style-type: disc; margin-top: 1.5em; margin-bottom: 1.5em; margin-left: 3em;\"><li style=\"margin-bottom: 0.6em; margin-left: 1.3em;\">\u0160ioje Privatumo politikoje yra nustatytos pagrindin\u0117s J\u016bs\u0173 asmens duomen\u0173, kitos su Jumis susijusios informacijos rinkimo, kaupimo, tvarkymo ir laikymo taisykl\u0117s, tvarkom\u0173 asmens duomen\u0173 apimtys, tikslai, \u0161altiniai, gav\u0117jai ir kiti svarb\u016bs aspektai Jums naudojantis Administratoriaus paslaugomis. Tod\u0117l rekomenduojama i\u0161samiai i\u0161analizuoti \u0161ios Privatumo politikos nuostatas ir visada susipa\u017einti su j\u0173 aktualia versija.<\/li><li style=\"margin-bottom: 0.6em; margin-left: 1.3em;\">Administratorius gerbia J\u016bs\u0173 privataus gyvenimo nelie\u010diamum\u0105 ir deda visas pagr\u012fstai \u012fmanomas pastangas siekdamas u\u017etikrinti tvarkom\u0173 duomen\u0173 bei kitos informacijos saugum\u0105 ir konfidencialum\u0105. Administratorius naudoja tinkamas teisines, organizacines, technines ir fizines saugumo priemones, kad duomenys ir kita svarbi informacija b\u016bt\u0173 apsaugoti nuo atsitiktinio ar neteis\u0117to sunaikinimo, pakeitimo, atskleidimo, taip pat nuo bet kokio kito neteis\u0117to tvarkymo. Administratoriaus surinkti asmens duomenys tvarkomi vadovaujantis Lietuvos Respublikos asmens duomen\u0173 teisin\u0117s apsaugos \u012fstatymu, Bendruoju duomen\u0173 apsaugos reglamentu (nuo jo \u012fsigaliojimo) ir kitais teis\u0117s aktais. Visi Administratoriaus darbuotojai, atstovai bei atstov\u0173 darbuotojai, kurie su\u017eino asmens duomen\u0173 paslapt\u012f, privalo j\u0105 saugoti net ir pasibaigus darbo ar sutartiniams santykiams.<\/li><li style=\"margin-bottom: 0.6em; margin-left: 1.3em;\">Visa informacija, kuri\u0105 J\u016bs pateikiate Administratoriui, yra pateikiama vadovaujantis savanori\u0161kumo ir teisingumo bei informacijos i\u0161samumo principais. J\u016bs, pateikdamas savo asmens duomenis, sutinkate, kad J\u016bs\u0173 asmens duomenys b\u016bt\u0173 tvarkomi \u0161ioje Privatumo politikoje nustatyta tvarka ir tikslais.<\/li><\/ul><\/li><\/ol><ol start=\"3\" style=\"margin-bottom: 1.3em; color: rgb(119, 119, 119); font-family: Poppins, sans-serif; font-size: 16px; font-weight: 400; letter-spacing: normal; white-space: normal;\"><li style=\"margin-bottom: 0.6em; margin-left: 1.3em;\"><span style=\"font-weight: bolder;\">Duomen\u0173 tvarkymo tikslai<\/span><ul style=\"list-style-type: disc; margin-top: 1.5em; margin-bottom: 1.5em; margin-left: 3em;\"><li style=\"margin-bottom: 0.6em; margin-left: 1.3em;\">J\u016bs\u0173 duomenys yra renkami ir tvarkomi \u0161iais tikslais:<ul style=\"list-style-type: disc; margin-top: 1.5em; margin-bottom: 1.5em; margin-left: 3em;\"><li style=\"margin-bottom: 0.6em; margin-left: 1.3em;\">tiesiogin\u0117 rinkodara;<\/li><li style=\"margin-bottom: 0.6em; margin-left: 1.3em;\">preki\u0173 pardavimas elektronin\u0117je parduotuv\u0117je.<\/li><\/ul><\/li><li style=\"margin-bottom: 0.6em; margin-left: 1.3em;\">Administratorius turi teis\u0119 sukauptus asmens duomenis naudoti vidaus administravimo tikslais:<ul style=\"list-style-type: disc; margin-top: 1.5em; margin-bottom: 1.5em; margin-left: 3em;\"><li style=\"margin-bottom: 0.6em; margin-left: 1.3em;\">tam, kad pagerint\u0173 Administratoriaus svetaini\u0173 veikim\u0105, funkcionalum\u0105, kad geriau suprast\u0173 vartotoj\u0173 poreikius, pagerint\u0173 paslaugas ir pan.;<\/li><li style=\"margin-bottom: 0.6em; margin-left: 1.3em;\">taip pat, jei J\u016bs savanori\u0161kai pateik\u0117te Administratoriui savo asmens duomenis d\u0117l tam tikros specifin\u0117s prie\u017easties, Administratorius gali naudoti asmens duomenis tuo tikslu, kuriuo jie buvo pateikti, pvz., jei susiekiate su Administratoriumi elektroniniu pa\u0161tu, pateikdamas u\u017eklaus\u0105 d\u0117l paslaug\u0173 Administratoriaus puslapyje, Administratorius naudoja ir i\u0161saugo J\u016bs\u0173 pateiktus duomenis tam, kad pateikt\u0173 atsakym\u0105 \u012f J\u016bs\u0173 klausim\u0105, i\u0161spr\u0119st\u0173 susidariusi\u0105 problem\u0105 bei atsakyt\u0173 nurodytu elektroninio pa\u0161to adresu ar kitais nurodytais kontaktiniais duomenimis.<\/li><\/ul><\/li><li style=\"margin-bottom: 0.6em; margin-left: 1.3em;\">Administratorius informuos Jus, jei tam tikrais atvejais i\u0161kilt\u0173 poreikis naudoti J\u016bs\u0173 asmens duomenis kitais tikslais, nei konkre\u010diai nustatyta \u0161ioje Privatumo politikoje.<\/li><\/ul><\/li><\/ol><ol start=\"4\" style=\"margin-bottom: 1.3em; color: rgb(119, 119, 119); font-family: Poppins, sans-serif; font-size: 16px; font-weight: 400; letter-spacing: normal; white-space: normal;\"><li style=\"margin-bottom: 0.6em; margin-left: 1.3em;\"><span style=\"font-weight: bolder;\">Tvarkomi duomenys ir j\u0173 \u0161altiniai, duomen\u0173 teikimas<\/span><ul style=\"list-style-type: disc; margin-top: 1.5em; margin-bottom: 1.5em; margin-left: 3em;\"><li style=\"margin-bottom: 0.6em; margin-left: 1.3em;\">Tiesiogin\u0117s rinkodaros tikslais yra renkami ir tvarkomi \u0161ie J\u016bs\u0173 duomenys: vardas, pavard\u0117, elektroninio pa\u0161to adresas, adresas, telefono numeris.<\/li><li style=\"margin-bottom: 0.6em; margin-left: 1.3em;\">J\u016bs\u0173 duomenys renkami i\u0161 \u0161i\u0173 \u0161altini\u0173: J\u016bs\u0173 paties, mok\u0117jimo paslaug\u0173 teik\u0117j\u0173 (kurie vykdo J\u016bs\u0173 mok\u0117jimus Administratoriui).<\/li><li style=\"margin-bottom: 0.6em; margin-left: 1.3em;\">J\u016bs\u0173 duomen\u0173 gav\u0117jai: duomenys kitiems gav\u0117jams n\u0117ra teikiami.<\/li><li style=\"margin-bottom: 0.6em; margin-left: 1.3em;\">J\u016bs\u0173 duomen\u0173 tvarkytoju paskirti:<ul style=\"list-style-type: disc; margin-top: 1.5em; margin-bottom: 1.5em; margin-left: 3em;\"><li style=\"margin-bottom: 0.6em; margin-left: 1.3em;\">UAB \u201chostinger\u201d, \u012fmon\u0117s kodas 302710386, buvein\u0117s adresas Jonavos g. 60C, Kaunas, telefonas +37064503378, el. pa\u0161tas sal\u0117s@hostinger.lt;<\/li><li style=\"margin-bottom: 0.6em; margin-left: 1.3em;\">automatin\u0117s elektronini\u0173 naujienlai\u0161ki\u0173 siuntimo buvein\u0117s.<\/li><\/ul><\/li><\/ul><\/li><\/ol><ol start=\"5\" style=\"margin-bottom: 1.3em; color: rgb(119, 119, 119); font-family: Poppins, sans-serif; font-size: 16px; font-weight: 400; letter-spacing: normal; white-space: normal;\"><li style=\"margin-bottom: 0.6em; margin-left: 1.3em;\"><span style=\"font-weight: bolder;\">Duomen\u0173 tvarkymo terminai<\/span><ul style=\"list-style-type: disc; margin-top: 1.5em; margin-bottom: 1.5em; margin-left: 3em;\"><li style=\"margin-bottom: 0.6em; margin-left: 1.3em;\">Duomenys, renkami svetain\u0117je rinkodaros tikslais yra tvarkomi 3 (trejus) metus nuo J\u016bs\u0173 paskutinio prisijungimo prie svetain\u0117s dienos.<\/li><\/ul><\/li><\/ol><ol start=\"6\" style=\"margin-bottom: 1.3em; color: rgb(119, 119, 119); font-family: Poppins, sans-serif; font-size: 16px; font-weight: 400; letter-spacing: normal; white-space: normal;\"><li style=\"margin-bottom: 0.6em; margin-left: 1.3em;\"><span style=\"font-weight: bolder;\">J\u016bs\u0173 teis\u0117s<\/span><ul style=\"list-style-type: disc; margin-top: 1.5em; margin-bottom: 1.5em; margin-left: 3em;\"><li style=\"margin-bottom: 0.6em; margin-left: 1.3em;\">Esu informuotas ir man yra \u017einomos \u0161ios mano teis\u0117s:<ul style=\"list-style-type: disc; margin-top: 1.5em; margin-bottom: 1.5em; margin-left: 3em;\"><li style=\"margin-bottom: 0.6em; margin-left: 1.3em;\">d\u0117l duomen\u0173 subjekto teisi\u0173 \u012fgyvendinimo galiu kreiptis \u012f Administratori\u0173 auk\u0161\u010diau nurodytais kontaktiniais duomenimis;<\/li><li style=\"margin-bottom: 0.6em; margin-left: 1.3em;\">d\u0117l savo duomen\u0173 tvarkymo turiu teis\u0119 kreiptis \u012f prie\u017ei\u016bros institucij\u0105;<\/li><li style=\"margin-bottom: 0.6em; margin-left: 1.3em;\">turiu teis\u0119, nenurodydamas nesutikimo motyv\u0173, nesutikti, kad mano asmens duomenys b\u016bt\u0173 tvarkomi tiesiogin\u0117s rinkodaros tikslais;<\/li><li style=\"margin-bottom: 0.6em; margin-left: 1.3em;\">turiu teis\u0119 pra\u0161yti nutraukti mano duomen\u0173 tvarkym\u0105 (i\u0161trinti duomenis), kai duomenys nebereikalingi tam tikslui, kuriam jie buvo gauti. J\u016bs ra\u0161ytin\u012f prane\u0161im\u0105 apie nesutikim\u0105 d\u0117l asmens duomen\u0173 tvarkymo turite pateikti Administratoriui asmeni\u0161kai, pa\u0161tu ar elektronini\u0173 ry\u0161i\u0173 priemon\u0117mis. Jeigu J\u016bs\u0173 nesutikimas yra teisi\u0161kai pagr\u012fstas, Administratorius nedelsdamas neatlygintinai nutraukia asmens duomen\u0173 tvarkymo veiksmus, i\u0161skyrus teis\u0117s aktuose nustatytus atvejus;<\/li><li style=\"margin-bottom: 0.6em; margin-left: 1.3em;\">jei manau, kad mano tvarkomi duomenys yra neteisingi, nei\u0161sam\u016bs ar netiksl\u016bs, turiu teis\u0119 kreiptis \u012f Administratori\u0173 ra\u0161tu. Administratoriaus ar jo paskirto tvarkytojo darbuotojai privalo asmens duomenis patikrinti ir nedelsiant i\u0161taisyti neteisingus, nei\u0161samius, netikslius asmens duomenis ir (arba) sustabdyti j\u0173 tvarkym\u0105. Administratorius nedelsdamas prane\u0161a Jums apie J\u016bs\u0173 pra\u0161ymu atlikt\u0105 ar neatlikt\u0105 asmens duomen\u0173 i\u0161taisym\u0105, sunaikinim\u0105, sustabdym\u0105;<\/li><li style=\"margin-bottom: 0.6em; margin-left: 1.3em;\">turiu teis\u0119 nemokamai gauti i\u0161 Administratoriaus savo asmens duomenis Lietuvoje galiojan\u010di\u0173 teis\u0117s akt\u0173 nustatyta tvarka. Administratorius, gav\u0119s J\u016bs\u0173 pra\u0161ym\u0105 ra\u0161tu, per teis\u0117s akt\u0173 nustatyt\u0105 termin\u0105 pateikia pra\u0161omus duomenis ra\u0161tu arba nurodo atsisakymo tenkinti tok\u012f pra\u0161ym\u0105 prie\u017eastis;<\/li><li style=\"margin-bottom: 0.6em; margin-left: 1.3em;\">turiu teis\u0119 pateik\u0119s asmens tapatyb\u0119 patvirtinant\u012f dokument\u0105 (\u0161is reikalavimas netaikomas, kai pateiktas pra\u0161ymas pasira\u0161ytas saugiu elektroniniu para\u0161u arba kai atsakymas Jums siun\u010diamas registruotu pa\u0161tu), susipa\u017einti su Administratoriaus tvarkomais mano asmens duomenimis bei gauti informacij\u0105, i\u0161 koki\u0173 \u0161altini\u0173 ir kokie mano asmens duomenys surinkti, kokiu tikslu jie tvarkomi ir kam teikiami ar gali b\u016bti teikiami.<\/li><\/ul><\/li><\/ul><\/li><\/ol><ol start=\"7\" style=\"margin-bottom: 1.3em; color: rgb(119, 119, 119); font-family: Poppins, sans-serif; font-size: 16px; font-weight: 400; letter-spacing: normal; white-space: normal;\"><li style=\"margin-bottom: 0.6em; margin-left: 1.3em;\"><span style=\"font-weight: bolder;\">Slapukai ir lankomumas<\/span><ul style=\"list-style-type: disc; margin-top: 1.5em; margin-bottom: 1.5em; margin-left: 3em;\"><li style=\"margin-bottom: 0.6em; margin-left: 1.3em;\">Administratorius gali naudoti slapukus (angl. cookies) savo tinklapyje. Slapukai yra ma\u017eos rinkmenos, siun\u010diamos \u012f J\u016bs\u0173 interneto tinklo nar\u0161ykl\u0119 ir saugomos kompiuterio kietajame diske. Slapukai perkeliami \u012f kompiuter\u012f pirm\u0105 kart\u0105 apsilankius tinklapyje ir v\u0117liau naudojami J\u016bs\u0173 kompiuterio identifikavimui, kad palengvinti J\u016bs\u0173 prieig\u0105 prie \u0161io tinklapio bei jame esan\u010dios informacijos. Naudodamiesi tinklapiu J\u016bs sutinkate su \u0161iomis slapuk\u0173 naudojimo taisykl\u0117mis.<\/li><li style=\"margin-bottom: 0.6em; margin-left: 1.3em;\">Jeigu NESUTINKATE, kad \u012f J\u016bs\u0173 kompiuter\u012f ar \u012f kit\u0105 galin\u012f \u012frengin\u012f b\u016bt\u0173 \u012fra\u0161omi slapukai, galite pakeisti savo interneto nar\u0161ykl\u0117s nustatymus ir i\u0161jungti visus slapukus arba \u012fjungti \/ i\u0161jungti juos po vien\u0105. Ta\u010diau atkreipiame d\u0117mes\u012f, kad kai kuriais atvejais tai gali sul\u0117tinti J\u016bs\u0173 nar\u0161ymo tinklapyje spart\u0105, apriboti tam tikr\u0173 tinklapio funkcij\u0173 veikim\u0105 arba blokuoti prieig\u0105 prie tinklapio.<\/li><\/ul><\/li><\/ol><ol start=\"8\" style=\"margin-bottom: 1.3em; color: rgb(119, 119, 119); font-family: Poppins, sans-serif; font-size: 16px; font-weight: 400; letter-spacing: normal; white-space: normal;\"><li style=\"margin-bottom: 0.6em; margin-left: 1.3em;\"><span style=\"font-weight: bolder;\">Baigiamosios nuostatos<\/span><ul style=\"list-style-type: disc; margin-top: 1.5em; margin-bottom: 1.5em; margin-left: 3em;\"><li style=\"margin-bottom: 0.6em; margin-left: 1.3em;\">Administratorius pasilieka teis\u0119 bet kuriuo metu keisti Privatumo politikos nuostatas ir tokie pasikeitimai \u012fsigalioja nuo j\u0173 paskelbimo interneto puslapyje.<\/li><li style=\"margin-bottom: 0.6em; margin-left: 1.3em;\">\u0160ioms Privatumo politikos nuostatoms taikoma Lietuvos Respublikos teis\u0117.<\/li><\/ul><\/li><\/ol><p style=\"margin-bottom: 1.3em; color: rgb(119, 119, 119); font-family: Poppins, sans-serif; font-size: 16px; font-weight: 400; letter-spacing: normal; white-space: normal;\">Visas svetain\u0117s naudojimo ir preki\u0173 pirkimo \u2013 pardavimo taisykles rasite puslapyje&nbsp;<a href=\"https:\/\/laviboutique.lt\/index.php\/taisykles\/\" style=\"touch-action: manipulation; color: rgb(51, 72, 98); text-decoration-line: none;\">Taisykl\u0117s<\/a>.<\/p><\/h2>\t\t<\/div>\n\t\t\t\t<\/div>\n\t\t\t\t\t<\/div>\n\t\t<\/div>\n\t\t\t\t\t<\/div>\n\t\t<\/section>\n\t\t\t\t<\/div>\n\t\t","protected":false},"excerpt":{"rendered":"<p>Visas svetain\u0117s naudojimo ir preki\u0173 pirkimo \u2013 pardavimo taisykles rasite puslapyje&nbsp;Taisykl\u0117s. Duomen\u0173 valdytojas J\u016bs\u0173 teikiam\u0173 duomen\u0173 valdytojas yra internetin\u0117s svetain\u0117s www.laviboutique.lt administratorius \u2013 Laura Ligeikyte Gaidan , I.V kodas 1009378 &nbsp;el. pa\u0161to adresas: info@laviboutique.lt), (toliau \u2013 Administratorius). Privatumo politikos tikslai \u0160ioje Privatumo politikoje yra nustatytos pagrindin\u0117s J\u016bs\u0173 asmens duomen\u0173, kitos su Jumis susijusios informacijos rinkimo, kaupimo, tvarkymo ir laikymo taisykl\u0117s, tvarkom\u0173 asmens duomen\u0173 apimtys, tikslai, \u0161altiniai, gav\u0117jai ir kiti svarb\u016bs&hellip;<\/p>\n","protected":false},"author":1,"featured_media":0,"parent":0,"menu_order":0,"comment_status":"closed","ping_status":"closed","template":"","meta":{"om_disable_all_campaigns":false,"_monsterinsights_skip_tracking":false,"_monsterinsights_sitenote_active":false,"_monsterinsights_sitenote_note":"","_monsterinsights_sitenote_category":0,"footnotes":""},"aioseo_notices":[],"jetpack_sharing_enabled":true,"_links":{"self":[{"href":"https:\/\/laviboutique.lt\/index.php\/wp-json\/wp\/v2\/pages\/500"}],"collection":[{"href":"https:\/\/laviboutique.lt\/index.php\/wp-json\/wp\/v2\/pages"}],"about":[{"href":"https:\/\/laviboutique.lt\/index.php\/wp-json\/wp\/v2\/types\/page"}],"author":[{"embeddable":true,"href":"https:\/\/laviboutique.lt\/index.php\/wp-json\/wp\/v2\/users\/1"}],"replies":[{"embeddable":true,"href":"https:\/\/laviboutique.lt\/index.php\/wp-json\/wp\/v2\/comments?post=500"}],"version-history":[{"count":0,"href":"https:\/\/laviboutique.lt\/index.php\/wp-json\/wp\/v2\/pages\/500\/revisions"}],"wp:attachment":[{"href":"https:\/\/laviboutique.lt\/index.php\/wp-json\/wp\/v2\/media?parent=500"}],"curies":[{"name":"wp","href":"https:\/\/api.w.org\/{rel}","templated":true}]}}