{"id":805,"date":"2022-05-31T21:05:12","date_gmt":"2022-05-31T18:05:12","guid":{"rendered":"https:\/\/laviboutique.lt\/?page_id=805"},"modified":"2025-03-27T14:15:03","modified_gmt":"2025-03-27T12:15:03","slug":"grazinimas","status":"publish","type":"page","link":"https:\/\/laviboutique.lt\/index.php\/grazinimas\/","title":{"rendered":"Gr\u0105\u017einimas"},"content":{"rendered":"\t\t<div data-elementor-type=\"wp-page\" data-elementor-id=\"805\" class=\"elementor elementor-805\">\n\t\t\t\t\t\t<section class=\"ob-is-breaking-bad elementor-section elementor-top-section elementor-element elementor-element-f9b575f elementor-section-boxed elementor-section-height-default elementor-section-height-default\" data-id=\"f9b575f\" data-element_type=\"section\" data-settings=\"{&quot;_ob_bbad_use_it&quot;:&quot;yes&quot;,&quot;_ob_bbad_sssic_use&quot;:&quot;no&quot;,&quot;_ob_glider_is_slider&quot;:&quot;no&quot;}\">\n\t\t\t\t\t\t<div class=\"elementor-container elementor-column-gap-default\">\n\t\t\t\t\t<div class=\"elementor-column elementor-col-100 elementor-top-column elementor-element elementor-element-b5189ba\" data-id=\"b5189ba\" data-element_type=\"column\" data-settings=\"{&quot;_ob_bbad_is_stalker&quot;:&quot;no&quot;,&quot;_ob_teleporter_use&quot;:false,&quot;_ob_column_hoveranimator&quot;:&quot;no&quot;,&quot;_ob_column_has_pseudo&quot;:&quot;no&quot;}\">\n\t\t\t<div class=\"elementor-widget-wrap elementor-element-populated\">\n\t\t\t\t\t\t<div class=\"elementor-element elementor-element-e7a216d ob-harakiri-inherit ob-has-background-overlay elementor-widget elementor-widget-heading\" data-id=\"e7a216d\" data-element_type=\"widget\" data-settings=\"{&quot;_ob_use_harakiri&quot;:&quot;yes&quot;,&quot;_ob_harakiri_writing_mode&quot;:&quot;inherit&quot;,&quot;_ob_harakiri_text_clip&quot;:&quot;none&quot;,&quot;_ob_perspektive_use&quot;:&quot;no&quot;,&quot;_ob_poopart_use&quot;:&quot;yes&quot;,&quot;_ob_shadough_use&quot;:&quot;no&quot;,&quot;_ob_allow_hoveranimator&quot;:&quot;no&quot;,&quot;_ob_widget_stalker_use&quot;:&quot;no&quot;}\" data-widget_type=\"heading.default\">\n\t\t\t\t<div class=\"elementor-widget-container\">\n\t\t\t<style>\/*! elementor - v3.23.0 - 05-08-2024 *\/\n.elementor-heading-title{padding:0;margin:0;line-height:1}.elementor-widget-heading .elementor-heading-title[class*=elementor-size-]>a{color:inherit;font-size:inherit;line-height:inherit}.elementor-widget-heading .elementor-heading-title.elementor-size-small{font-size:15px}.elementor-widget-heading .elementor-heading-title.elementor-size-medium{font-size:19px}.elementor-widget-heading .elementor-heading-title.elementor-size-large{font-size:29px}.elementor-widget-heading .elementor-heading-title.elementor-size-xl{font-size:39px}.elementor-widget-heading .elementor-heading-title.elementor-size-xxl{font-size:59px}<\/style><h2 class=\"elementor-heading-title elementor-size-default\"><div style=\"color: rgb(33, 37, 41); font-family: Inter; font-size: 16px; font-weight: 400; letter-spacing: normal; white-space: normal; padding-top: 0.25rem !important; padding-bottom: 1.5rem !important;\"><div style=\"position: relative; width: 1012px; padding-right: 15px; padding-left: 15px; flex: 0 0 100%; max-width: 100%; padding-bottom: 0.25rem !important;\"><p style=\"margin-bottom: 1rem; font-size: 16px; color: rgb(23, 23, 23); display: inline !important; padding-left: 0.5rem !important;\">Prekes galima gr\u0105\u017einti per&nbsp;<span style=\"font-weight: bolder;\">14<\/span>&nbsp;d. nuo prek\u0117s \u012fsigijimo<\/p><\/div><div style=\"position: relative; width: 1012px; padding-right: 15px; padding-left: 15px; flex: 0 0 100%; max-width: 100%;\"><p style=\"margin-bottom: 1rem; font-size: 16px; color: rgb(23, 23, 23); display: inline !important; padding-left: 0.5rem !important;\">Pinigai gr\u0105\u017einami per&nbsp;<span style=\"font-weight: bolder;\">14<\/span>&nbsp;darbo dien\u0173. nuo gr\u0105\u017einamos prek\u0117s pristatymo parduotuvei<\/p><\/div><\/div><div style=\"position: relative; width: 1012px; padding-right: 15px; padding-left: 15px; flex: 0 0 100%; max-width: 100%; color: rgb(33, 37, 41); font-family: Inter; font-size: 16px; font-weight: 400; letter-spacing: normal; white-space: normal; padding-bottom: 1.5rem !important;\"><h3 style=\"margin-bottom: 0.5rem; line-height: 1.2; font-size: 16px; color: rgb(0, 166, 229); font-family: Inter;\">Gr\u0105\u017einimo taisykl\u0117s:<\/h3><ul style=\"margin-bottom: 1rem; padding-left: 16px;\"><li>Jeigu nor\u0117site gr\u0105\u017einti ar pakeisti \u012fsigyt\u0105 prek\u0119, tai gal\u0117site padaryti per 14 dien\u0173 nuo prek\u0117s \u012fsigijimo dienos.<\/li><li>Pinigai \u012f pirk\u0117jo nurodyt\u0105 s\u0105skait\u0105 yra gr\u0105\u017einami per 14 darbo dienas.<\/li><li>Pagal Kliento reikalavimus specialiai pagamintos arba individualiai pritaikytos prek\u0117s n\u0117ra kei\u010diamos ar gr\u0105\u017einamos.<\/li><li>Pirk\u0117jui gr\u0105\u017einant prekes, b\u016btina laikytis \u0161i\u0173 s\u0105lyg\u0173: gr\u0105\u017einama prek\u0117 turi b\u016bti originalioje tvarkingoje pakuot\u0117je; prek\u0117 turi b\u016bti nesugadinta; prek\u0117 turi b\u016bti nenaudota, nepraradusi prekin\u0117s i\u0161vaizdos (nepa\u017eeistos etiket\u0117s, nenupl\u0117\u0161tos apsaugin\u0117s pl\u0117vel\u0117s ir kt) (\u0161is punktas netaikomas tuo atveju, kai gr\u0105\u017einama nekokybi\u0161ka prek\u0117); gr\u0105\u017einama prek\u0117 turi b\u016bti tos pa\u010dios komplektacijos, kokios Pirk\u0117jas j\u0105 gavo.<\/li><li>Gr\u0105\u017einama prek\u0117 negali b\u016bti d\u0117v\u0117ta, turi b\u016bti nesugadinta ir nepraradusi savo prekin\u0117s i\u0161vaizdos.<\/li><li>Galite gr\u0105\u017einti prek\u0119 ir pakeisti j\u0105 \u012f kit\u0105 dyd\u012f arba model\u012f.<\/li><li>Gr\u0105\u017einamos prek\u0117s turi b\u016bti sud\u0117tos \u012f papildom\u0105 apsaugin\u0119 (skirt\u0105 transportavimui) pakuot\u0119 (pvz.: d\u0117\u017eut\u0119 ar apsaugin\u012f vok\u0105).<\/li><\/ul><span style=\"font-weight: bolder;\">Visas gr\u0105\u017einimo s\u0105lygas rasite&nbsp;<a href=\"https:\/\/laviboutique.lt\/index.php\/taisykles\/\" target=\"_blank\" style=\"color: rgb(0, 166, 229);\">\u010dia<\/a><\/span><\/div><\/h2>\t\t<\/div>\n\t\t\t\t<\/div>\n\t\t\t\t\t<\/div>\n\t\t<\/div>\n\t\t\t\t\t<\/div>\n\t\t<\/section>\n\t\t\t\t<\/div>\n\t\t","protected":false},"excerpt":{"rendered":"<p>Prekes galima gr\u0105\u017einti per&nbsp;14&nbsp;d. nuo prek\u0117s \u012fsigijimo Pinigai gr\u0105\u017einami per&nbsp;14&nbsp;darbo dien\u0173. nuo gr\u0105\u017einamos prek\u0117s pristatymo parduotuvei Gr\u0105\u017einimo taisykl\u0117s: Jeigu nor\u0117site gr\u0105\u017einti ar pakeisti \u012fsigyt\u0105 prek\u0119, tai gal\u0117site padaryti per 14 dien\u0173 nuo prek\u0117s \u012fsigijimo dienos. Pinigai \u012f pirk\u0117jo nurodyt\u0105 s\u0105skait\u0105 yra gr\u0105\u017einami per 14 darbo dienas. Pagal Kliento reikalavimus specialiai pagamintos arba individualiai pritaikytos prek\u0117s n\u0117ra kei\u010diamos ar gr\u0105\u017einamos. Pirk\u0117jui gr\u0105\u017einant prekes, b\u016btina laikytis \u0161i\u0173 s\u0105lyg\u0173: gr\u0105\u017einama prek\u0117 turi b\u016bti&hellip;<\/p>\n","protected":false},"author":1,"featured_media":0,"parent":0,"menu_order":0,"comment_status":"closed","ping_status":"closed","template":"","meta":{"om_disable_all_campaigns":false,"_monsterinsights_skip_tracking":false,"_monsterinsights_sitenote_active":false,"_monsterinsights_sitenote_note":"","_monsterinsights_sitenote_category":0,"footnotes":""},"aioseo_notices":[],"jetpack_sharing_enabled":true,"_links":{"self":[{"href":"https:\/\/laviboutique.lt\/index.php\/wp-json\/wp\/v2\/pages\/805"}],"collection":[{"href":"https:\/\/laviboutique.lt\/index.php\/wp-json\/wp\/v2\/pages"}],"about":[{"href":"https:\/\/laviboutique.lt\/index.php\/wp-json\/wp\/v2\/types\/page"}],"author":[{"embeddable":true,"href":"https:\/\/laviboutique.lt\/index.php\/wp-json\/wp\/v2\/users\/1"}],"replies":[{"embeddable":true,"href":"https:\/\/laviboutique.lt\/index.php\/wp-json\/wp\/v2\/comments?post=805"}],"version-history":[{"count":9,"href":"https:\/\/laviboutique.lt\/index.php\/wp-json\/wp\/v2\/pages\/805\/revisions"}],"predecessor-version":[{"id":9838,"href":"https:\/\/laviboutique.lt\/index.php\/wp-json\/wp\/v2\/pages\/805\/revisions\/9838"}],"wp:attachment":[{"href":"https:\/\/laviboutique.lt\/index.php\/wp-json\/wp\/v2\/media?parent=805"}],"curies":[{"name":"wp","href":"https:\/\/api.w.org\/{rel}","templated":true}]}}