{"id":10004,"date":"2025-04-16T20:47:11","date_gmt":"2025-04-16T17:47:11","guid":{"rendered":"https:\/\/laviboutique.lt\/index.php\/produktas\/zydra-atlasines-medziagos-suknele-ruby\/"},"modified":"2026-03-29T11:48:53","modified_gmt":"2026-03-29T08:48:53","slug":"zydra-atlasines-medziagos-suknele-ruby","status":"publish","type":"product","link":"https:\/\/laviboutique.lt\/index.php\/produktas\/zydra-atlasines-medziagos-suknele-ruby\/","title":{"rendered":"\u017dydra atlasin\u0117s med\u017eiagos suknel\u0117 \u201cRuby\u201d"},"content":{"rendered":"<p>I\u0161matavimai :<\/p>\n<p>S : ilgis 150cm, liemuo 68-70cm, klubai 86-90cm, krutin\u0117 84-90cm<\/p>\n<p>M : ilgis 150cm, liemuo 70-72cm, klubai 88-92cm, krutin\u0117 86-92cm<\/p>\n","protected":false},"excerpt":{"rendered":"<p>I\u0161matavimai : S : ilgis 150cm, liemuo 68-70cm, klubai 86-90cm, krutin\u0117 84-90cm M : ilgis 150cm, liemuo 70-72cm, klubai 88-92cm, krutin\u0117 86-92cm<\/p>\n","protected":false},"featured_media":10002,"template":"","meta":{"om_disable_all_campaigns":false,"_monsterinsights_skip_tracking":false,"_monsterinsights_sitenote_active":false,"_monsterinsights_sitenote_note":"","_monsterinsights_sitenote_category":0},"product_cat":[22],"product_tag":[],"aioseo_notices":[],"jetpack_sharing_enabled":true,"_links":{"self":[{"href":"https:\/\/laviboutique.lt\/index.php\/wp-json\/wp\/v2\/product\/10004"}],"collection":[{"href":"https:\/\/laviboutique.lt\/index.php\/wp-json\/wp\/v2\/product"}],"about":[{"href":"https:\/\/laviboutique.lt\/index.php\/wp-json\/wp\/v2\/types\/product"}],"wp:featuredmedia":[{"embeddable":true,"href":"https:\/\/laviboutique.lt\/index.php\/wp-json\/wp\/v2\/media\/10002"}],"wp:attachment":[{"href":"https:\/\/laviboutique.lt\/index.php\/wp-json\/wp\/v2\/media?parent=10004"}],"wp:term":[{"taxonomy":"product_cat","embeddable":true,"href":"https:\/\/laviboutique.lt\/index.php\/wp-json\/wp\/v2\/product_cat?post=10004"},{"taxonomy":"product_tag","embeddable":true,"href":"https:\/\/laviboutique.lt\/index.php\/wp-json\/wp\/v2\/product_tag?post=10004"}],"curies":[{"name":"wp","href":"https:\/\/api.w.org\/{rel}","templated":true}]}}