{"id":10025,"date":"2025-04-17T10:56:53","date_gmt":"2025-04-17T07:56:53","guid":{"rendered":"https:\/\/laviboutique.lt\/?post_type=product&#038;p=10025"},"modified":"2025-08-10T12:25:32","modified_gmt":"2025-08-10T09:25:32","slug":"maxi-ilgio-suknele-stella-juoda","status":"publish","type":"product","link":"https:\/\/laviboutique.lt\/index.php\/produktas\/maxi-ilgio-suknele-stella-juoda\/","title":{"rendered":"Maxi ilgio suknel\u0117 \u201cStella\u201d juoda"},"content":{"rendered":"","protected":false},"excerpt":{"rendered":"<p>Suknel\u0117 vienu dyd\u017eiu ma\u017einta, tad rinkit\u0117s didesn\u012f dyd\u012f nei ne\u0161iojate.<\/p>\n","protected":false},"featured_media":10026,"template":"","meta":{"om_disable_all_campaigns":false,"_monsterinsights_skip_tracking":false,"_monsterinsights_sitenote_active":false,"_monsterinsights_sitenote_note":"","_monsterinsights_sitenote_category":0},"product_cat":[22],"product_tag":[],"aioseo_notices":[],"jetpack_sharing_enabled":true,"_links":{"self":[{"href":"https:\/\/laviboutique.lt\/index.php\/wp-json\/wp\/v2\/product\/10025"}],"collection":[{"href":"https:\/\/laviboutique.lt\/index.php\/wp-json\/wp\/v2\/product"}],"about":[{"href":"https:\/\/laviboutique.lt\/index.php\/wp-json\/wp\/v2\/types\/product"}],"wp:featuredmedia":[{"embeddable":true,"href":"https:\/\/laviboutique.lt\/index.php\/wp-json\/wp\/v2\/media\/10026"}],"wp:attachment":[{"href":"https:\/\/laviboutique.lt\/index.php\/wp-json\/wp\/v2\/media?parent=10025"}],"wp:term":[{"taxonomy":"product_cat","embeddable":true,"href":"https:\/\/laviboutique.lt\/index.php\/wp-json\/wp\/v2\/product_cat?post=10025"},{"taxonomy":"product_tag","embeddable":true,"href":"https:\/\/laviboutique.lt\/index.php\/wp-json\/wp\/v2\/product_tag?post=10025"}],"curies":[{"name":"wp","href":"https:\/\/api.w.org\/{rel}","templated":true}]}}