{"id":10124,"date":"2025-05-06T00:39:31","date_gmt":"2025-05-05T21:39:31","guid":{"rendered":"https:\/\/laviboutique.lt\/?post_type=product&#038;p=10124"},"modified":"2026-03-09T15:11:51","modified_gmt":"2026-03-09T13:11:51","slug":"zydra-suknele-amelie","status":"publish","type":"product","link":"https:\/\/laviboutique.lt\/index.php\/produktas\/zydra-suknele-amelie\/","title":{"rendered":"\u017dydra suknel\u0117 \u201cAmelie\u201d"},"content":{"rendered":"","protected":false},"excerpt":{"rendered":"<p>\u0160i suknel\u0117 parduodama tik vietoje, nesiun\u010diame<\/p>\n","protected":false},"featured_media":10122,"template":"","meta":{"om_disable_all_campaigns":false,"_monsterinsights_skip_tracking":false,"_monsterinsights_sitenote_active":false,"_monsterinsights_sitenote_note":"","_monsterinsights_sitenote_category":0},"product_cat":[22],"product_tag":[],"aioseo_notices":[],"jetpack_sharing_enabled":true,"_links":{"self":[{"href":"https:\/\/laviboutique.lt\/index.php\/wp-json\/wp\/v2\/product\/10124"}],"collection":[{"href":"https:\/\/laviboutique.lt\/index.php\/wp-json\/wp\/v2\/product"}],"about":[{"href":"https:\/\/laviboutique.lt\/index.php\/wp-json\/wp\/v2\/types\/product"}],"wp:featuredmedia":[{"embeddable":true,"href":"https:\/\/laviboutique.lt\/index.php\/wp-json\/wp\/v2\/media\/10122"}],"wp:attachment":[{"href":"https:\/\/laviboutique.lt\/index.php\/wp-json\/wp\/v2\/media?parent=10124"}],"wp:term":[{"taxonomy":"product_cat","embeddable":true,"href":"https:\/\/laviboutique.lt\/index.php\/wp-json\/wp\/v2\/product_cat?post=10124"},{"taxonomy":"product_tag","embeddable":true,"href":"https:\/\/laviboutique.lt\/index.php\/wp-json\/wp\/v2\/product_tag?post=10124"}],"curies":[{"name":"wp","href":"https:\/\/api.w.org\/{rel}","templated":true}]}}