{"id":10211,"date":"2025-05-12T00:24:02","date_gmt":"2025-05-11T21:24:02","guid":{"rendered":"https:\/\/laviboutique.lt\/?post_type=product&#038;p=10211"},"modified":"2025-05-12T00:27:43","modified_gmt":"2025-05-11T21:27:43","slug":"balta-midi-suknele-ariel","status":"publish","type":"product","link":"https:\/\/laviboutique.lt\/index.php\/produktas\/balta-midi-suknele-ariel\/","title":{"rendered":"Balta midi suknel\u0117 \u201cAriel\u201d"},"content":{"rendered":"","protected":false},"excerpt":{"rendered":"<p>Suknel\u0117 parduodama tik fizin\u0117je parduotuv\u0117je<\/p>\n","protected":false},"featured_media":10210,"template":"","meta":{"om_disable_all_campaigns":false,"_monsterinsights_skip_tracking":false,"_monsterinsights_sitenote_active":false,"_monsterinsights_sitenote_note":"","_monsterinsights_sitenote_category":0},"product_cat":[22],"product_tag":[],"aioseo_notices":[],"jetpack_sharing_enabled":true,"_links":{"self":[{"href":"https:\/\/laviboutique.lt\/index.php\/wp-json\/wp\/v2\/product\/10211"}],"collection":[{"href":"https:\/\/laviboutique.lt\/index.php\/wp-json\/wp\/v2\/product"}],"about":[{"href":"https:\/\/laviboutique.lt\/index.php\/wp-json\/wp\/v2\/types\/product"}],"wp:featuredmedia":[{"embeddable":true,"href":"https:\/\/laviboutique.lt\/index.php\/wp-json\/wp\/v2\/media\/10210"}],"wp:attachment":[{"href":"https:\/\/laviboutique.lt\/index.php\/wp-json\/wp\/v2\/media?parent=10211"}],"wp:term":[{"taxonomy":"product_cat","embeddable":true,"href":"https:\/\/laviboutique.lt\/index.php\/wp-json\/wp\/v2\/product_cat?post=10211"},{"taxonomy":"product_tag","embeddable":true,"href":"https:\/\/laviboutique.lt\/index.php\/wp-json\/wp\/v2\/product_tag?post=10211"}],"curies":[{"name":"wp","href":"https:\/\/api.w.org\/{rel}","templated":true}]}}