{"id":10234,"date":"2025-05-16T10:24:41","date_gmt":"2025-05-16T07:24:41","guid":{"rendered":"https:\/\/laviboutique.lt\/index.php\/produktas\/balta-mini-suknele-su-kaspinu-gale\/"},"modified":"2026-04-16T00:22:15","modified_gmt":"2026-04-15T21:22:15","slug":"balta-mini-suknele-su-kaspinu-gale","status":"publish","type":"product","link":"https:\/\/laviboutique.lt\/index.php\/produktas\/balta-mini-suknele-su-kaspinu-gale\/","title":{"rendered":"Balta mini suknel\u0117 su kaspinu gale"},"content":{"rendered":"<p>I\u0161matavimai:<\/p>\n<p>XS dydis: ilgis 87cm, kr\u016btin\u0117 iki 92cm, liemuo 68cm<\/p>\n<p>S dydis: ilgis 87cm, kr\u016btin\u0117 iki 94cm, liemuo 70cm<\/p>\n<p>M dydis: ilgis 88cm, kr\u016btine iki 96cm, liemuo 74cm<\/p>\n","protected":false},"excerpt":{"rendered":"<p>I\u0161matavimai: XS dydis: ilgis 87cm, kr\u016btin\u0117 iki 92cm, liemuo 68cm S dydis: ilgis 87cm, kr\u016btin\u0117 iki 94cm, liemuo 70cm M dydis: ilgis 88cm, kr\u016btine iki 96cm, liemuo 74cm<\/p>\n","protected":false},"featured_media":10232,"template":"","meta":{"om_disable_all_campaigns":false,"_monsterinsights_skip_tracking":false,"_monsterinsights_sitenote_active":false,"_monsterinsights_sitenote_note":"","_monsterinsights_sitenote_category":0},"product_cat":[114,22],"product_tag":[],"aioseo_notices":[],"jetpack_sharing_enabled":true,"_links":{"self":[{"href":"https:\/\/laviboutique.lt\/index.php\/wp-json\/wp\/v2\/product\/10234"}],"collection":[{"href":"https:\/\/laviboutique.lt\/index.php\/wp-json\/wp\/v2\/product"}],"about":[{"href":"https:\/\/laviboutique.lt\/index.php\/wp-json\/wp\/v2\/types\/product"}],"wp:featuredmedia":[{"embeddable":true,"href":"https:\/\/laviboutique.lt\/index.php\/wp-json\/wp\/v2\/media\/10232"}],"wp:attachment":[{"href":"https:\/\/laviboutique.lt\/index.php\/wp-json\/wp\/v2\/media?parent=10234"}],"wp:term":[{"taxonomy":"product_cat","embeddable":true,"href":"https:\/\/laviboutique.lt\/index.php\/wp-json\/wp\/v2\/product_cat?post=10234"},{"taxonomy":"product_tag","embeddable":true,"href":"https:\/\/laviboutique.lt\/index.php\/wp-json\/wp\/v2\/product_tag?post=10234"}],"curies":[{"name":"wp","href":"https:\/\/api.w.org\/{rel}","templated":true}]}}