{"id":10250,"date":"2025-05-18T15:16:07","date_gmt":"2025-05-18T12:16:07","guid":{"rendered":"https:\/\/laviboutique.lt\/index.php\/produktas\/dvieju-daliu-suknele-las-vegas\/"},"modified":"2025-11-11T14:09:17","modified_gmt":"2025-11-11T12:09:17","slug":"dvieju-daliu-suknele-las-vegas","status":"publish","type":"product","link":"https:\/\/laviboutique.lt\/index.php\/produktas\/dvieju-daliu-suknele-las-vegas\/","title":{"rendered":"Dviej\u0173 dali\u0173 suknel\u0117 \u201cLas Vegas\u201d"},"content":{"rendered":"<p>I\u0161matavimai:<\/p>\n","protected":false},"excerpt":{"rendered":"<p>I\u0161matavimai:<\/p>\n","protected":false},"featured_media":10248,"template":"","meta":{"om_disable_all_campaigns":false,"_monsterinsights_skip_tracking":false,"_monsterinsights_sitenote_active":false,"_monsterinsights_sitenote_note":"","_monsterinsights_sitenote_category":0},"product_cat":[22],"product_tag":[],"aioseo_notices":[],"jetpack_sharing_enabled":true,"_links":{"self":[{"href":"https:\/\/laviboutique.lt\/index.php\/wp-json\/wp\/v2\/product\/10250"}],"collection":[{"href":"https:\/\/laviboutique.lt\/index.php\/wp-json\/wp\/v2\/product"}],"about":[{"href":"https:\/\/laviboutique.lt\/index.php\/wp-json\/wp\/v2\/types\/product"}],"wp:featuredmedia":[{"embeddable":true,"href":"https:\/\/laviboutique.lt\/index.php\/wp-json\/wp\/v2\/media\/10248"}],"wp:attachment":[{"href":"https:\/\/laviboutique.lt\/index.php\/wp-json\/wp\/v2\/media?parent=10250"}],"wp:term":[{"taxonomy":"product_cat","embeddable":true,"href":"https:\/\/laviboutique.lt\/index.php\/wp-json\/wp\/v2\/product_cat?post=10250"},{"taxonomy":"product_tag","embeddable":true,"href":"https:\/\/laviboutique.lt\/index.php\/wp-json\/wp\/v2\/product_tag?post=10250"}],"curies":[{"name":"wp","href":"https:\/\/api.w.org\/{rel}","templated":true}]}}