{"id":10453,"date":"2025-06-25T00:04:57","date_gmt":"2025-06-24T21:04:57","guid":{"rendered":"https:\/\/laviboutique.lt\/?post_type=product&#038;p=10453"},"modified":"2026-01-08T19:14:31","modified_gmt":"2026-01-08T17:14:31","slug":"balta-suknele-tina","status":"publish","type":"product","link":"https:\/\/laviboutique.lt\/index.php\/produktas\/balta-suknele-tina\/","title":{"rendered":"Balta suknel\u0117 \u201cTina\u201d"},"content":{"rendered":"<p>I\u0161matavimai:<\/p>\n<p>S dydis:<\/p>\n<p>Kr\u016btin\u0117s apimtis iki 90 cm<\/p>\n<p>Liemens apimtis iki 72 cm<\/p>\n<p>Klub\u0173 apimtis iki 102 cm<\/p>\n<p>Ilgis \u2013 115 cm<\/p>\n<p>M dydis:<\/p>\n<p>Kr\u016btin\u0117s apimtis iki 96 cm<\/p>\n<p>Liemens apimtis iki 78 cm<\/p>\n<p>Klub\u0173 apimtis iki 110 cm<\/p>\n<p>Ilgis \u2013 115 cm<\/p>\n<p>L dydis:<\/p>\n<p>Kr\u016btin\u0117s apimtis \u2013 104 cm<\/p>\n<p>Liemens apimtis \u2013 86 cm<\/p>\n<p>Klub\u0173 apimtis \u2013 118 cm<\/p>\n<p>Ilgis \u2013 120 cm<\/p>\n<p>Skeltuko ilgis \u2013 54 cm<\/p>\n","protected":false},"excerpt":{"rendered":"<p>I\u0161matavimai: S dydis: Kr\u016btin\u0117s apimtis iki 90 cm Liemens apimtis iki 72 cm Klub\u0173 apimtis iki 102 cm Ilgis \u2013 115 cm M dydis: Kr\u016btin\u0117s apimtis iki 96 cm Liemens apimtis iki 78 cm Klub\u0173 apimtis iki 110 cm Ilgis \u2013 115 cm L dydis: Kr\u016btin\u0117s apimtis \u2013 104 cm Liemens apimtis \u2013 86 cm Klub\u0173 apimtis \u2013 118 cm Ilgis \u2013 120 cm Skeltuko ilgis \u2013 54 cm<\/p>\n","protected":false},"featured_media":10451,"template":"","meta":{"om_disable_all_campaigns":false,"_monsterinsights_skip_tracking":false,"_monsterinsights_sitenote_active":false,"_monsterinsights_sitenote_note":"","_monsterinsights_sitenote_category":0},"product_cat":[22],"product_tag":[],"aioseo_notices":[],"jetpack_sharing_enabled":true,"_links":{"self":[{"href":"https:\/\/laviboutique.lt\/index.php\/wp-json\/wp\/v2\/product\/10453"}],"collection":[{"href":"https:\/\/laviboutique.lt\/index.php\/wp-json\/wp\/v2\/product"}],"about":[{"href":"https:\/\/laviboutique.lt\/index.php\/wp-json\/wp\/v2\/types\/product"}],"wp:featuredmedia":[{"embeddable":true,"href":"https:\/\/laviboutique.lt\/index.php\/wp-json\/wp\/v2\/media\/10451"}],"wp:attachment":[{"href":"https:\/\/laviboutique.lt\/index.php\/wp-json\/wp\/v2\/media?parent=10453"}],"wp:term":[{"taxonomy":"product_cat","embeddable":true,"href":"https:\/\/laviboutique.lt\/index.php\/wp-json\/wp\/v2\/product_cat?post=10453"},{"taxonomy":"product_tag","embeddable":true,"href":"https:\/\/laviboutique.lt\/index.php\/wp-json\/wp\/v2\/product_tag?post=10453"}],"curies":[{"name":"wp","href":"https:\/\/api.w.org\/{rel}","templated":true}]}}