{"id":10474,"date":"2025-06-29T16:43:11","date_gmt":"2025-06-29T13:43:11","guid":{"rendered":"https:\/\/laviboutique.lt\/?post_type=product&#038;p=10474"},"modified":"2026-01-19T09:34:50","modified_gmt":"2026-01-19T07:34:50","slug":"drekinamoji-ir-raminamoji-veido-kauke","status":"publish","type":"product","link":"https:\/\/laviboutique.lt\/index.php\/produktas\/drekinamoji-ir-raminamoji-veido-kauke\/","title":{"rendered":"Dr\u0117kinamoji ir raminamoji veido kauk\u0117"},"content":{"rendered":"<p>Ramina sudirginim\u0105 ir ma\u017eina odos stres\u0105, kur\u012f sukelia tokie veiksniai kaip smogas, toksinai, hormon\u0173 disbalansas, nesveikas gyvenimo b\u016bdas ar netinkama odos prie\u017ei\u016bra. Po naudojimo oda atgauna prarast\u0105 spindes\u012f, tampa lygesn\u0117, sveikesn\u0117 ir akivaizd\u017eiai gaivesn\u0117<\/p>\n<p>\u2022 Alavijo lap\u0173 sultys pasi\u017eymi raminamuoju ir prie\u0161u\u017edegiminiu poveikiu, pagreitina \u017eaizd\u0173 gijim\u0105 ir ma\u017eina paraudim\u0105.<br \/>\n\u2022 Azijin\u0117s centel\u0117s ekstraktas pagreitina odos atsinaujinimo procesus, ma\u017eina randeli\u0173 susidarym\u0105 ir ramina sudirginim\u0105.<br \/>\n\u2022 Beta-gliukanas apsaugo nuo vandens praradimo i\u0161 epidermio, stimuliuoja atsinaujinimo procesus ir turi sen\u0117jim\u0105 stabdant\u012f bei apsaugin\u012f poveik\u012f.<br \/>\n\u2022 Hidrolizuotas kolagenas ir natrio hialuronatas intensyviai dr\u0117kina od\u0105 ir padeda ma\u017einti smulkias rauk\u0161leles.<\/p>\n<p>21 g<\/p>\n<p>Sud\u0117tis: Aqua, Glycerin, Butylene Glycol, 1,2-Hexanediol, Propylene Glycol, Betaine, Chlorphenesin, Peg-60 Hydrogenated Castor Oil, Sodium Carbomer, Panthenol, Allantoin, Aloe Barbadensis Leaf Juice, Xanthan Gum, Ethylhexylglycerin, Dipotassium Glycyrrhizate, Disodium Edta, Parfum, Beta-Glucan, Hydrolyzed Collagen, Sodium Hyaluronate, Centella Asiatica Extract, Polygonum Cuspidatum Root Extract, Scutellaria Baicalensis Root Extract, Camellia Sinensis Leaf Extract, Glycyrrhiza Glabra Root Extract, Chamomilla Recutita Flower\/Leaf Extract, Rosmarinus Officinalis Leaf Extract<\/p>\n","protected":false},"excerpt":{"rendered":"<p>Naudojimas: Paskirstykite kauk\u0119 ant \u0161varios, sausos ir tonizuotos veido odos. Nuimkite po 20\u201330 minu\u010di\u0173. Likusi\u0105 esencij\u0105 \u0161velniai \u012fmasa\u017euokite \u012f od\u0105, kol visi\u0161kai \u012fsigers.<\/p>\n","protected":false},"featured_media":10475,"template":"","meta":{"om_disable_all_campaigns":false,"_monsterinsights_skip_tracking":false,"_monsterinsights_sitenote_active":false,"_monsterinsights_sitenote_note":"","_monsterinsights_sitenote_category":0},"product_cat":[137],"product_tag":[],"aioseo_notices":[],"jetpack_sharing_enabled":true,"_links":{"self":[{"href":"https:\/\/laviboutique.lt\/index.php\/wp-json\/wp\/v2\/product\/10474"}],"collection":[{"href":"https:\/\/laviboutique.lt\/index.php\/wp-json\/wp\/v2\/product"}],"about":[{"href":"https:\/\/laviboutique.lt\/index.php\/wp-json\/wp\/v2\/types\/product"}],"wp:featuredmedia":[{"embeddable":true,"href":"https:\/\/laviboutique.lt\/index.php\/wp-json\/wp\/v2\/media\/10475"}],"wp:attachment":[{"href":"https:\/\/laviboutique.lt\/index.php\/wp-json\/wp\/v2\/media?parent=10474"}],"wp:term":[{"taxonomy":"product_cat","embeddable":true,"href":"https:\/\/laviboutique.lt\/index.php\/wp-json\/wp\/v2\/product_cat?post=10474"},{"taxonomy":"product_tag","embeddable":true,"href":"https:\/\/laviboutique.lt\/index.php\/wp-json\/wp\/v2\/product_tag?post=10474"}],"curies":[{"name":"wp","href":"https:\/\/api.w.org\/{rel}","templated":true}]}}