{"id":10482,"date":"2025-06-30T00:45:26","date_gmt":"2025-06-29T21:45:26","guid":{"rendered":"https:\/\/laviboutique.lt\/?post_type=product&#038;p=10482"},"modified":"2025-10-06T23:06:29","modified_gmt":"2025-10-06T20:06:29","slug":"juoda-suknele-joli","status":"publish","type":"product","link":"https:\/\/laviboutique.lt\/index.php\/produktas\/juoda-suknele-joli\/","title":{"rendered":"Juoda suknel\u0117 \u201cJoli\u201d"},"content":{"rendered":"<p>I\u0161matavimai:<\/p>\n<p>XS dydis: kr\u016btin\u0117 ~80cm-89cm (nes per kr\u016btin\u0119 ri\u0161asi, tod\u0117l yra universaliau), liemuo 62cm-65cm, klubai iki 84cm-89cm, ilgis 110-112cm<\/p>\n","protected":false},"excerpt":{"rendered":"<p>I\u0161matavimai: XS dydis: kr\u016btin\u0117 ~80cm-89cm (nes per kr\u016btin\u0119 ri\u0161asi, tod\u0117l yra universaliau), liemuo 62cm-65cm, klubai iki 84cm-89cm, ilgis 110-112cm<\/p>\n","protected":false},"featured_media":10479,"template":"","meta":{"om_disable_all_campaigns":false,"_monsterinsights_skip_tracking":false,"_monsterinsights_sitenote_active":false,"_monsterinsights_sitenote_note":"","_monsterinsights_sitenote_category":0},"product_cat":[22],"product_tag":[],"aioseo_notices":[],"jetpack_sharing_enabled":true,"_links":{"self":[{"href":"https:\/\/laviboutique.lt\/index.php\/wp-json\/wp\/v2\/product\/10482"}],"collection":[{"href":"https:\/\/laviboutique.lt\/index.php\/wp-json\/wp\/v2\/product"}],"about":[{"href":"https:\/\/laviboutique.lt\/index.php\/wp-json\/wp\/v2\/types\/product"}],"wp:featuredmedia":[{"embeddable":true,"href":"https:\/\/laviboutique.lt\/index.php\/wp-json\/wp\/v2\/media\/10479"}],"wp:attachment":[{"href":"https:\/\/laviboutique.lt\/index.php\/wp-json\/wp\/v2\/media?parent=10482"}],"wp:term":[{"taxonomy":"product_cat","embeddable":true,"href":"https:\/\/laviboutique.lt\/index.php\/wp-json\/wp\/v2\/product_cat?post=10482"},{"taxonomy":"product_tag","embeddable":true,"href":"https:\/\/laviboutique.lt\/index.php\/wp-json\/wp\/v2\/product_tag?post=10482"}],"curies":[{"name":"wp","href":"https:\/\/api.w.org\/{rel}","templated":true}]}}