{"id":10507,"date":"2025-07-04T18:11:46","date_gmt":"2025-07-04T15:11:46","guid":{"rendered":"https:\/\/laviboutique.lt\/?post_type=product&#038;p=10507"},"modified":"2026-01-23T14:48:32","modified_gmt":"2026-01-23T12:48:32","slug":"zydra-atlasine-mini-suknele-scarlet","status":"publish","type":"product","link":"https:\/\/laviboutique.lt\/index.php\/produktas\/zydra-atlasine-mini-suknele-scarlet\/","title":{"rendered":"\u017dydra atlasin\u0117 mini suknel\u0117 \u201cScarlet\u201d"},"content":{"rendered":"<p>I\u0161matavimai:<\/p>\n<p>S dydis: 90cm, liemuo 66-68cm, klubai iki 95cm, kr\u016btin\u0117 ~80-84cm<\/p>\n<p>M dydis: ilgis 90cm, liemuo 70-72cm, klubai iki 98cm, kr\u016btin\u0117 ~84-86cm<\/p>\n","protected":false},"excerpt":{"rendered":"<p>Suknel\u0117 ma\u017einta! Rinkit\u0117s vienu dyd\u017eiu didesn\u0119, nei \u012fprastai ne\u0161iojate<\/p>\n","protected":false},"featured_media":10511,"template":"","meta":{"om_disable_all_campaigns":false,"_monsterinsights_skip_tracking":false,"_monsterinsights_sitenote_active":false,"_monsterinsights_sitenote_note":"","_monsterinsights_sitenote_category":0},"product_cat":[22],"product_tag":[],"aioseo_notices":[],"jetpack_sharing_enabled":true,"_links":{"self":[{"href":"https:\/\/laviboutique.lt\/index.php\/wp-json\/wp\/v2\/product\/10507"}],"collection":[{"href":"https:\/\/laviboutique.lt\/index.php\/wp-json\/wp\/v2\/product"}],"about":[{"href":"https:\/\/laviboutique.lt\/index.php\/wp-json\/wp\/v2\/types\/product"}],"wp:featuredmedia":[{"embeddable":true,"href":"https:\/\/laviboutique.lt\/index.php\/wp-json\/wp\/v2\/media\/10511"}],"wp:attachment":[{"href":"https:\/\/laviboutique.lt\/index.php\/wp-json\/wp\/v2\/media?parent=10507"}],"wp:term":[{"taxonomy":"product_cat","embeddable":true,"href":"https:\/\/laviboutique.lt\/index.php\/wp-json\/wp\/v2\/product_cat?post=10507"},{"taxonomy":"product_tag","embeddable":true,"href":"https:\/\/laviboutique.lt\/index.php\/wp-json\/wp\/v2\/product_tag?post=10507"}],"curies":[{"name":"wp","href":"https:\/\/api.w.org\/{rel}","templated":true}]}}