{"id":10529,"date":"2025-07-05T16:08:41","date_gmt":"2025-07-05T13:08:41","guid":{"rendered":"https:\/\/laviboutique.lt\/?post_type=product&#038;p=10529"},"modified":"2025-09-11T19:23:20","modified_gmt":"2025-09-11T16:23:20","slug":"bordine-korsetine-suknele-maja","status":"publish","type":"product","link":"https:\/\/laviboutique.lt\/index.php\/produktas\/bordine-korsetine-suknele-maja\/","title":{"rendered":"Bordin\u0117 korsetin\u0117 suknel\u0117 \u201cMaja\u201d"},"content":{"rendered":"<p>I\u0161matavimai:<\/p>\n<p>S dydis: liemuo 74cm, kr\u016btin\u0117 ~84cm-89cm, klubai iki 95cm, ilgis nuo pa\u017east\u0173 63cm<\/p>\n","protected":false},"excerpt":{"rendered":"<p>I\u0161matavimai: S dydis: liemuo 74cm, kr\u016btin\u0117 ~84cm-89cm, klubai iki 95cm, ilgis nuo pa\u017east\u0173 63cm<\/p>\n","protected":false},"featured_media":10532,"template":"","meta":{"om_disable_all_campaigns":false,"_monsterinsights_skip_tracking":false,"_monsterinsights_sitenote_active":false,"_monsterinsights_sitenote_note":"","_monsterinsights_sitenote_category":0},"product_cat":[22],"product_tag":[],"aioseo_notices":[],"jetpack_sharing_enabled":true,"_links":{"self":[{"href":"https:\/\/laviboutique.lt\/index.php\/wp-json\/wp\/v2\/product\/10529"}],"collection":[{"href":"https:\/\/laviboutique.lt\/index.php\/wp-json\/wp\/v2\/product"}],"about":[{"href":"https:\/\/laviboutique.lt\/index.php\/wp-json\/wp\/v2\/types\/product"}],"wp:featuredmedia":[{"embeddable":true,"href":"https:\/\/laviboutique.lt\/index.php\/wp-json\/wp\/v2\/media\/10532"}],"wp:attachment":[{"href":"https:\/\/laviboutique.lt\/index.php\/wp-json\/wp\/v2\/media?parent=10529"}],"wp:term":[{"taxonomy":"product_cat","embeddable":true,"href":"https:\/\/laviboutique.lt\/index.php\/wp-json\/wp\/v2\/product_cat?post=10529"},{"taxonomy":"product_tag","embeddable":true,"href":"https:\/\/laviboutique.lt\/index.php\/wp-json\/wp\/v2\/product_tag?post=10529"}],"curies":[{"name":"wp","href":"https:\/\/api.w.org\/{rel}","templated":true}]}}