{"id":10605,"date":"2025-07-24T13:16:16","date_gmt":"2025-07-24T10:16:16","guid":{"rendered":"https:\/\/laviboutique.lt\/?post_type=product&#038;p=10605"},"modified":"2026-04-27T19:51:55","modified_gmt":"2026-04-27T16:51:55","slug":"rozine-atlasine-suknele-alice","status":"publish","type":"product","link":"https:\/\/laviboutique.lt\/index.php\/produktas\/rozine-atlasine-suknele-alice\/","title":{"rendered":"Ro\u017ein\u0117 atlasin\u0117 suknel\u0117 \u201cAlice\u201d"},"content":{"rendered":"<p>I\u0161matavimai :<\/p>\n<p style=\"margin: 0px 0px 15px;font-family: Outfit, sans-serif;font-size: 16.559999px;font-style: normal;font-weight: 300;letter-spacing: 0.414px;text-align: left;text-indent: 0px;text-transform: none;text-decoration: none\"><span>S \u2013 kr\u016btin\u0117 86\u201390 cm, liemuo 63\u201367 cm, klubai 90\u201394 cm<\/span><\/p>\n<p style=\"margin: 0px 0px 15px;font-family: Outfit, sans-serif;font-size: 16.559999px;font-style: normal;font-weight: 300;letter-spacing: 0.414px;text-align: left;text-indent: 0px;text-transform: none;text-decoration: none\"><span>M \u2013 kr\u016btin\u0117 90\u201394 cm, liemuo 68\u201371 cm, klubai 94\u201398 cm<\/span><\/p>\n<p style=\"margin: 0px 0px 15px;font-family: Outfit, sans-serif;font-size: 16.559999px;font-style: normal;font-weight: 300;letter-spacing: 0.414px;text-align: left;text-indent: 0px;text-transform: none;text-decoration: none\"><span>L \u2013 kr\u016btin\u0117 94\u201398 cm, liemuo 71\u201375 cm, klubai 98\u2013104 cm<\/span><\/p>\n","protected":false},"excerpt":{"rendered":"<p>I\u0161matavimai : S \u2013 kr\u016btin\u0117 86\u201390 cm, liemuo 63\u201367 cm, klubai 90\u201394 cm M \u2013 kr\u016btin\u0117 90\u201394 cm, liemuo 68\u201371 cm, klubai 94\u201398 cm L \u2013 kr\u016btin\u0117 94\u201398 cm, liemuo 71\u201375 cm, klubai 98\u2013104 cm<\/p>\n","protected":false},"featured_media":10604,"template":"","meta":{"om_disable_all_campaigns":false,"_monsterinsights_skip_tracking":false,"_monsterinsights_sitenote_active":false,"_monsterinsights_sitenote_note":"","_monsterinsights_sitenote_category":0},"product_cat":[22],"product_tag":[],"aioseo_notices":[],"jetpack_sharing_enabled":true,"_links":{"self":[{"href":"https:\/\/laviboutique.lt\/index.php\/wp-json\/wp\/v2\/product\/10605"}],"collection":[{"href":"https:\/\/laviboutique.lt\/index.php\/wp-json\/wp\/v2\/product"}],"about":[{"href":"https:\/\/laviboutique.lt\/index.php\/wp-json\/wp\/v2\/types\/product"}],"wp:featuredmedia":[{"embeddable":true,"href":"https:\/\/laviboutique.lt\/index.php\/wp-json\/wp\/v2\/media\/10604"}],"wp:attachment":[{"href":"https:\/\/laviboutique.lt\/index.php\/wp-json\/wp\/v2\/media?parent=10605"}],"wp:term":[{"taxonomy":"product_cat","embeddable":true,"href":"https:\/\/laviboutique.lt\/index.php\/wp-json\/wp\/v2\/product_cat?post=10605"},{"taxonomy":"product_tag","embeddable":true,"href":"https:\/\/laviboutique.lt\/index.php\/wp-json\/wp\/v2\/product_tag?post=10605"}],"curies":[{"name":"wp","href":"https:\/\/api.w.org\/{rel}","templated":true}]}}