{"id":10610,"date":"2025-07-24T13:54:07","date_gmt":"2025-07-24T10:54:07","guid":{"rendered":"https:\/\/laviboutique.lt\/?post_type=product&#038;p=10610"},"modified":"2026-04-14T21:16:23","modified_gmt":"2026-04-14T18:16:23","slug":"raudona-suknele-passion","status":"publish","type":"product","link":"https:\/\/laviboutique.lt\/index.php\/produktas\/raudona-suknele-passion\/","title":{"rendered":"Raudona suknel\u0117 \u201cPassion\u201d"},"content":{"rendered":"<p>I\u0161matavimai:<\/p>\n<p>XS dydis: kr\u016btin\u0117 84-89cm, liemuo 68-70cm, klubai iki 92cm, ilgis 124cm<\/p>\n<p>S dydis: kr\u016btin\u0117 86cm-92cm, liemuo 70-72cm, klubai iki 96cm, ilgis 125cm<\/p>\n","protected":false},"excerpt":{"rendered":"<p>I\u0161matavimai: XS dydis: kr\u016btin\u0117 84-89cm, liemuo 68-70cm, klubai iki 92cm, ilgis 124cm S dydis: kr\u016btin\u0117 86cm-92cm, liemuo 70-72cm, klubai iki 96cm, ilgis 125cm<\/p>\n","protected":false},"featured_media":10615,"template":"","meta":{"om_disable_all_campaigns":false,"_monsterinsights_skip_tracking":false,"_monsterinsights_sitenote_active":false,"_monsterinsights_sitenote_note":"","_monsterinsights_sitenote_category":0},"product_cat":[22],"product_tag":[],"aioseo_notices":[],"jetpack_sharing_enabled":true,"_links":{"self":[{"href":"https:\/\/laviboutique.lt\/index.php\/wp-json\/wp\/v2\/product\/10610"}],"collection":[{"href":"https:\/\/laviboutique.lt\/index.php\/wp-json\/wp\/v2\/product"}],"about":[{"href":"https:\/\/laviboutique.lt\/index.php\/wp-json\/wp\/v2\/types\/product"}],"wp:featuredmedia":[{"embeddable":true,"href":"https:\/\/laviboutique.lt\/index.php\/wp-json\/wp\/v2\/media\/10615"}],"wp:attachment":[{"href":"https:\/\/laviboutique.lt\/index.php\/wp-json\/wp\/v2\/media?parent=10610"}],"wp:term":[{"taxonomy":"product_cat","embeddable":true,"href":"https:\/\/laviboutique.lt\/index.php\/wp-json\/wp\/v2\/product_cat?post=10610"},{"taxonomy":"product_tag","embeddable":true,"href":"https:\/\/laviboutique.lt\/index.php\/wp-json\/wp\/v2\/product_tag?post=10610"}],"curies":[{"name":"wp","href":"https:\/\/api.w.org\/{rel}","templated":true}]}}