{"id":10636,"date":"2025-07-28T13:13:21","date_gmt":"2025-07-28T10:13:21","guid":{"rendered":"https:\/\/laviboutique.lt\/?post_type=product&#038;p=10636"},"modified":"2026-03-09T15:15:50","modified_gmt":"2026-03-09T13:15:50","slug":"alyvuogiu-spalvos-maxi-suknele-flair","status":"publish","type":"product","link":"https:\/\/laviboutique.lt\/index.php\/produktas\/alyvuogiu-spalvos-maxi-suknele-flair\/","title":{"rendered":"Alyvuogi\u0173 spalvos maxi suknel\u0117 \u201cFlair\u201d"},"content":{"rendered":"","protected":false},"excerpt":{"rendered":"<p>\u0160i suknel\u0117 parduodama tik vietoje, nesiun\u010diame<\/p>\n","protected":false},"featured_media":10635,"template":"","meta":{"om_disable_all_campaigns":false,"_monsterinsights_skip_tracking":false,"_monsterinsights_sitenote_active":false,"_monsterinsights_sitenote_note":"","_monsterinsights_sitenote_category":0},"product_cat":[22],"product_tag":[],"aioseo_notices":[],"jetpack_sharing_enabled":true,"_links":{"self":[{"href":"https:\/\/laviboutique.lt\/index.php\/wp-json\/wp\/v2\/product\/10636"}],"collection":[{"href":"https:\/\/laviboutique.lt\/index.php\/wp-json\/wp\/v2\/product"}],"about":[{"href":"https:\/\/laviboutique.lt\/index.php\/wp-json\/wp\/v2\/types\/product"}],"wp:featuredmedia":[{"embeddable":true,"href":"https:\/\/laviboutique.lt\/index.php\/wp-json\/wp\/v2\/media\/10635"}],"wp:attachment":[{"href":"https:\/\/laviboutique.lt\/index.php\/wp-json\/wp\/v2\/media?parent=10636"}],"wp:term":[{"taxonomy":"product_cat","embeddable":true,"href":"https:\/\/laviboutique.lt\/index.php\/wp-json\/wp\/v2\/product_cat?post=10636"},{"taxonomy":"product_tag","embeddable":true,"href":"https:\/\/laviboutique.lt\/index.php\/wp-json\/wp\/v2\/product_tag?post=10636"}],"curies":[{"name":"wp","href":"https:\/\/api.w.org\/{rel}","templated":true}]}}