{"id":10641,"date":"2025-07-28T13:21:14","date_gmt":"2025-07-28T10:21:14","guid":{"rendered":"https:\/\/laviboutique.lt\/?post_type=product&#038;p=10641"},"modified":"2026-03-09T15:15:29","modified_gmt":"2026-03-09T13:15:29","slug":"rausvos-spalvos-suknele-flair","status":"publish","type":"product","link":"https:\/\/laviboutique.lt\/index.php\/produktas\/rausvos-spalvos-suknele-flair\/","title":{"rendered":"Rausvos spalvos suknel\u0117 \u201cFlair\u201d"},"content":{"rendered":"","protected":false},"excerpt":{"rendered":"<p>\u0160i suknel\u0117 parduodama tik vietoje, nesiun\u010diame<\/p>\n","protected":false},"featured_media":10639,"template":"","meta":{"om_disable_all_campaigns":false,"_monsterinsights_skip_tracking":false,"_monsterinsights_sitenote_active":false,"_monsterinsights_sitenote_note":"","_monsterinsights_sitenote_category":0},"product_cat":[22],"product_tag":[],"aioseo_notices":[],"jetpack_sharing_enabled":true,"_links":{"self":[{"href":"https:\/\/laviboutique.lt\/index.php\/wp-json\/wp\/v2\/product\/10641"}],"collection":[{"href":"https:\/\/laviboutique.lt\/index.php\/wp-json\/wp\/v2\/product"}],"about":[{"href":"https:\/\/laviboutique.lt\/index.php\/wp-json\/wp\/v2\/types\/product"}],"wp:featuredmedia":[{"embeddable":true,"href":"https:\/\/laviboutique.lt\/index.php\/wp-json\/wp\/v2\/media\/10639"}],"wp:attachment":[{"href":"https:\/\/laviboutique.lt\/index.php\/wp-json\/wp\/v2\/media?parent=10641"}],"wp:term":[{"taxonomy":"product_cat","embeddable":true,"href":"https:\/\/laviboutique.lt\/index.php\/wp-json\/wp\/v2\/product_cat?post=10641"},{"taxonomy":"product_tag","embeddable":true,"href":"https:\/\/laviboutique.lt\/index.php\/wp-json\/wp\/v2\/product_tag?post=10641"}],"curies":[{"name":"wp","href":"https:\/\/api.w.org\/{rel}","templated":true}]}}