{"id":10673,"date":"2025-09-08T10:26:02","date_gmt":"2025-09-08T07:26:02","guid":{"rendered":"https:\/\/laviboutique.lt\/?post_type=product&#038;p=10673"},"modified":"2026-04-14T17:33:55","modified_gmt":"2026-04-14T14:33:55","slug":"rudi-kaubojiski-ilgaauliai","status":"publish","type":"product","link":"https:\/\/laviboutique.lt\/index.php\/produktas\/rudi-kaubojiski-ilgaauliai\/","title":{"rendered":"Rudi kauboji\u0161ki ilgaauliai"},"content":{"rendered":"<p>Eko zom\u0161os aulinukai puikiai papildys j\u016bs\u0173 rudenin\u012f \u012fvaizd\u012f. <\/p>\n<p>Vidpad\u017eiai:<br \/>\n36 &#8211; 23,5cm<br \/>\n37 &#8211; 24cm<br \/>\n38 &#8211; 24,5cm<br \/>\n39 &#8211; 25cm<br \/>\n40 &#8211; 26cm<br \/>\n41 &#8211; 26,5cm<\/p>\n","protected":false},"excerpt":{"rendered":"<p>Eko zom\u0161os aulinukai puikiai papildys j\u016bs\u0173 rudenin\u012f \u012fvaizd\u012f. Vidpad\u017eiai: 36 &#8211; 23,5cm 37 &#8211; 24cm 38 &#8211; 24,5cm 39 &#8211; 25cm 40 &#8211; 26cm 41 &#8211; 26,5cm<\/p>\n","protected":false},"featured_media":10681,"template":"","meta":{"om_disable_all_campaigns":false,"_monsterinsights_skip_tracking":false,"_monsterinsights_sitenote_active":false,"_monsterinsights_sitenote_note":"","_monsterinsights_sitenote_category":0},"product_cat":[32],"product_tag":[],"aioseo_notices":[],"jetpack_sharing_enabled":true,"_links":{"self":[{"href":"https:\/\/laviboutique.lt\/index.php\/wp-json\/wp\/v2\/product\/10673"}],"collection":[{"href":"https:\/\/laviboutique.lt\/index.php\/wp-json\/wp\/v2\/product"}],"about":[{"href":"https:\/\/laviboutique.lt\/index.php\/wp-json\/wp\/v2\/types\/product"}],"wp:featuredmedia":[{"embeddable":true,"href":"https:\/\/laviboutique.lt\/index.php\/wp-json\/wp\/v2\/media\/10681"}],"wp:attachment":[{"href":"https:\/\/laviboutique.lt\/index.php\/wp-json\/wp\/v2\/media?parent=10673"}],"wp:term":[{"taxonomy":"product_cat","embeddable":true,"href":"https:\/\/laviboutique.lt\/index.php\/wp-json\/wp\/v2\/product_cat?post=10673"},{"taxonomy":"product_tag","embeddable":true,"href":"https:\/\/laviboutique.lt\/index.php\/wp-json\/wp\/v2\/product_tag?post=10673"}],"curies":[{"name":"wp","href":"https:\/\/api.w.org\/{rel}","templated":true}]}}