{"id":10707,"date":"2025-09-11T19:39:24","date_gmt":"2025-09-11T16:39:24","guid":{"rendered":"https:\/\/laviboutique.lt\/?post_type=product&#038;p=10707"},"modified":"2025-10-06T23:07:08","modified_gmt":"2025-10-06T20:07:08","slug":"raudona-suknele-joli","status":"publish","type":"product","link":"https:\/\/laviboutique.lt\/index.php\/produktas\/raudona-suknele-joli\/","title":{"rendered":"Raudona suknel\u0117 \u201cJoli\u201d"},"content":{"rendered":"<p>I\u0161matavimai:<\/p>\n<p>XS dydis: kr\u016btin\u0117 ~80cm-89cm (nes per kr\u016btin\u0119 ri\u0161asi, tod\u0117l yra universaliau), liemuo 62cm-65cm, klubai iki 84cm-89cm, ilgis 110-112cm<\/p>\n<p>S dydis: kr\u016btin\u0117 nuo 84cm iki 89cm(ri\u0161asi laisvai tod\u0117l yra universaliau), liemuo 70cm, klubai ~86cm-92cm, ilgis 110-112cm<\/p>\n<p>M dydis: kr\u016btin\u0117 nuo 86cm iki 90cm(ri\u0161asi laisvai tod\u0117l yra universaliau), liemuo 72cm, klubai ~87-94cm, ilgis 110-112cm<\/p>\n","protected":false},"excerpt":{"rendered":"<p>Modelio \u016bgis 167cm, ne\u0161iojam\u0173 r\u016bb\u0173 dydis XS\/S<\/p>\n","protected":false},"featured_media":10706,"template":"","meta":{"om_disable_all_campaigns":false,"_monsterinsights_skip_tracking":false,"_monsterinsights_sitenote_active":false,"_monsterinsights_sitenote_note":"","_monsterinsights_sitenote_category":0},"product_cat":[22],"product_tag":[],"aioseo_notices":[],"jetpack_sharing_enabled":true,"_links":{"self":[{"href":"https:\/\/laviboutique.lt\/index.php\/wp-json\/wp\/v2\/product\/10707"}],"collection":[{"href":"https:\/\/laviboutique.lt\/index.php\/wp-json\/wp\/v2\/product"}],"about":[{"href":"https:\/\/laviboutique.lt\/index.php\/wp-json\/wp\/v2\/types\/product"}],"wp:featuredmedia":[{"embeddable":true,"href":"https:\/\/laviboutique.lt\/index.php\/wp-json\/wp\/v2\/media\/10706"}],"wp:attachment":[{"href":"https:\/\/laviboutique.lt\/index.php\/wp-json\/wp\/v2\/media?parent=10707"}],"wp:term":[{"taxonomy":"product_cat","embeddable":true,"href":"https:\/\/laviboutique.lt\/index.php\/wp-json\/wp\/v2\/product_cat?post=10707"},{"taxonomy":"product_tag","embeddable":true,"href":"https:\/\/laviboutique.lt\/index.php\/wp-json\/wp\/v2\/product_tag?post=10707"}],"curies":[{"name":"wp","href":"https:\/\/api.w.org\/{rel}","templated":true}]}}