{"id":10722,"date":"2025-09-11T19:51:45","date_gmt":"2025-09-11T16:51:45","guid":{"rendered":"https:\/\/laviboutique.lt\/?post_type=product&#038;p=10722"},"modified":"2026-02-02T18:55:56","modified_gmt":"2026-02-02T16:55:56","slug":"juoda-suknele-aurora","status":"publish","type":"product","link":"https:\/\/laviboutique.lt\/index.php\/produktas\/juoda-suknele-aurora\/","title":{"rendered":"Juoda suknel\u0117 \u201cAurora\u201d"},"content":{"rendered":"<p>I\u0161matavimai:<\/p>\n<p>S dydis: ilgis 77cm, kr\u016btin\u0117 iki 90cm, liemuo 70cm, klubai iki 95cm<\/p>\n<p>M dydis: ilgis 78cm, kr\u016btin\u0117 iki 92cm, liemuo 72cm, klubai iki 96cm<\/p>\n","protected":false},"excerpt":{"rendered":"<p>Modelio \u016bgis 167cm, ne\u0161iojam\u0173 r\u016bb\u0173 dydis XS\/S<\/p>\n","protected":false},"featured_media":10721,"template":"","meta":{"om_disable_all_campaigns":false,"_monsterinsights_skip_tracking":false,"_monsterinsights_sitenote_active":false,"_monsterinsights_sitenote_note":"","_monsterinsights_sitenote_category":0},"product_cat":[22],"product_tag":[],"aioseo_notices":[],"jetpack_sharing_enabled":true,"_links":{"self":[{"href":"https:\/\/laviboutique.lt\/index.php\/wp-json\/wp\/v2\/product\/10722"}],"collection":[{"href":"https:\/\/laviboutique.lt\/index.php\/wp-json\/wp\/v2\/product"}],"about":[{"href":"https:\/\/laviboutique.lt\/index.php\/wp-json\/wp\/v2\/types\/product"}],"wp:featuredmedia":[{"embeddable":true,"href":"https:\/\/laviboutique.lt\/index.php\/wp-json\/wp\/v2\/media\/10721"}],"wp:attachment":[{"href":"https:\/\/laviboutique.lt\/index.php\/wp-json\/wp\/v2\/media?parent=10722"}],"wp:term":[{"taxonomy":"product_cat","embeddable":true,"href":"https:\/\/laviboutique.lt\/index.php\/wp-json\/wp\/v2\/product_cat?post=10722"},{"taxonomy":"product_tag","embeddable":true,"href":"https:\/\/laviboutique.lt\/index.php\/wp-json\/wp\/v2\/product_tag?post=10722"}],"curies":[{"name":"wp","href":"https:\/\/api.w.org\/{rel}","templated":true}]}}