{"id":10735,"date":"2025-09-12T14:25:33","date_gmt":"2025-09-12T11:25:33","guid":{"rendered":"https:\/\/laviboutique.lt\/?post_type=product&#038;p=10735"},"modified":"2025-12-30T22:25:56","modified_gmt":"2025-12-30T20:25:56","slug":"smaragdines-spalvos-suknele-polene","status":"publish","type":"product","link":"https:\/\/laviboutique.lt\/index.php\/produktas\/smaragdines-spalvos-suknele-polene\/","title":{"rendered":"Smaragdin\u0117s spalvos suknel\u0117 \u201cPolene\u201d"},"content":{"rendered":"<p>I\u0161matavimai: (preliminar\u016bs, kadangi korsetines suknel\u0117s yra sunku tikslai i\u0161matuoti)<\/p>\n<p>S dydis: kr\u016btin\u0117 ~85cm-89cm, liemuo ~66cm-68cm, klubai iki 92cm<\/p>\n<p>M dydis: kr\u016btin\u0117 ~89cm-93cm, liemuo ~68cm-72cm, klubai iki 93cm<\/p>\n<p>L dydis: kr\u016btin\u0117 ~93cm-97cm, liemuo ~72cm-75cm, klubai iki 94cm<\/p>\n","protected":false},"excerpt":{"rendered":"<p>Modelio \u016bgis 167cm<\/p>\n","protected":false},"featured_media":10739,"template":"","meta":{"om_disable_all_campaigns":false,"_monsterinsights_skip_tracking":false,"_monsterinsights_sitenote_active":false,"_monsterinsights_sitenote_note":"","_monsterinsights_sitenote_category":0},"product_cat":[22],"product_tag":[],"aioseo_notices":[],"jetpack_sharing_enabled":true,"_links":{"self":[{"href":"https:\/\/laviboutique.lt\/index.php\/wp-json\/wp\/v2\/product\/10735"}],"collection":[{"href":"https:\/\/laviboutique.lt\/index.php\/wp-json\/wp\/v2\/product"}],"about":[{"href":"https:\/\/laviboutique.lt\/index.php\/wp-json\/wp\/v2\/types\/product"}],"wp:featuredmedia":[{"embeddable":true,"href":"https:\/\/laviboutique.lt\/index.php\/wp-json\/wp\/v2\/media\/10739"}],"wp:attachment":[{"href":"https:\/\/laviboutique.lt\/index.php\/wp-json\/wp\/v2\/media?parent=10735"}],"wp:term":[{"taxonomy":"product_cat","embeddable":true,"href":"https:\/\/laviboutique.lt\/index.php\/wp-json\/wp\/v2\/product_cat?post=10735"},{"taxonomy":"product_tag","embeddable":true,"href":"https:\/\/laviboutique.lt\/index.php\/wp-json\/wp\/v2\/product_tag?post=10735"}],"curies":[{"name":"wp","href":"https:\/\/api.w.org\/{rel}","templated":true}]}}