{"id":10741,"date":"2025-09-12T16:34:27","date_gmt":"2025-09-12T13:34:27","guid":{"rendered":"https:\/\/laviboutique.lt\/?post_type=product&#038;p=10741"},"modified":"2026-04-27T20:31:58","modified_gmt":"2026-04-27T17:31:58","slug":"rausva-suknele-polene","status":"publish","type":"product","link":"https:\/\/laviboutique.lt\/index.php\/produktas\/rausva-suknele-polene\/","title":{"rendered":"Rausva suknel\u0117 \u201cPolene\u201d"},"content":{"rendered":"<p>I\u0161matavimai: (preliminar\u016bs, kadangi korsetines suknel\u0117s yra sunku tikslai i\u0161matuoti)<\/p>\n<p>XS dydis: kr\u016btin\u0117 ~80-85cm, liemuo ~62-66cm, klubai iki 91cm<\/p>\n<p>S dydis: kr\u016btin\u0117 ~85cm-89cm, liemuo ~66cm-68cm, klubai iki 92cm<\/p>\n","protected":false},"excerpt":{"rendered":"<p>Modelio \u016bgis 167cm<\/p>\n","protected":false},"featured_media":10740,"template":"","meta":{"om_disable_all_campaigns":false,"_monsterinsights_skip_tracking":false,"_monsterinsights_sitenote_active":false,"_monsterinsights_sitenote_note":"","_monsterinsights_sitenote_category":0},"product_cat":[22],"product_tag":[],"aioseo_notices":[],"jetpack_sharing_enabled":true,"_links":{"self":[{"href":"https:\/\/laviboutique.lt\/index.php\/wp-json\/wp\/v2\/product\/10741"}],"collection":[{"href":"https:\/\/laviboutique.lt\/index.php\/wp-json\/wp\/v2\/product"}],"about":[{"href":"https:\/\/laviboutique.lt\/index.php\/wp-json\/wp\/v2\/types\/product"}],"wp:featuredmedia":[{"embeddable":true,"href":"https:\/\/laviboutique.lt\/index.php\/wp-json\/wp\/v2\/media\/10740"}],"wp:attachment":[{"href":"https:\/\/laviboutique.lt\/index.php\/wp-json\/wp\/v2\/media?parent=10741"}],"wp:term":[{"taxonomy":"product_cat","embeddable":true,"href":"https:\/\/laviboutique.lt\/index.php\/wp-json\/wp\/v2\/product_cat?post=10741"},{"taxonomy":"product_tag","embeddable":true,"href":"https:\/\/laviboutique.lt\/index.php\/wp-json\/wp\/v2\/product_tag?post=10741"}],"curies":[{"name":"wp","href":"https:\/\/api.w.org\/{rel}","templated":true}]}}