{"id":10752,"date":"2025-09-13T17:17:29","date_gmt":"2025-09-13T14:17:29","guid":{"rendered":"https:\/\/laviboutique.lt\/?post_type=product&#038;p=10752"},"modified":"2026-04-08T14:41:22","modified_gmt":"2026-04-08T11:41:22","slug":"rausva-suknele-nuleistais-peciais","status":"publish","type":"product","link":"https:\/\/laviboutique.lt\/index.php\/produktas\/rausva-suknele-nuleistais-peciais\/","title":{"rendered":"Rausva suknel\u0117 nuleistais pe\u010diais"},"content":{"rendered":"","protected":false},"excerpt":{"rendered":"<p>Modelio \u016bgis 167cm<\/p>\n","protected":false},"featured_media":10751,"template":"","meta":{"om_disable_all_campaigns":false,"_monsterinsights_skip_tracking":false,"_monsterinsights_sitenote_active":false,"_monsterinsights_sitenote_note":"","_monsterinsights_sitenote_category":0},"product_cat":[22],"product_tag":[],"aioseo_notices":[],"jetpack_sharing_enabled":true,"_links":{"self":[{"href":"https:\/\/laviboutique.lt\/index.php\/wp-json\/wp\/v2\/product\/10752"}],"collection":[{"href":"https:\/\/laviboutique.lt\/index.php\/wp-json\/wp\/v2\/product"}],"about":[{"href":"https:\/\/laviboutique.lt\/index.php\/wp-json\/wp\/v2\/types\/product"}],"wp:featuredmedia":[{"embeddable":true,"href":"https:\/\/laviboutique.lt\/index.php\/wp-json\/wp\/v2\/media\/10751"}],"wp:attachment":[{"href":"https:\/\/laviboutique.lt\/index.php\/wp-json\/wp\/v2\/media?parent=10752"}],"wp:term":[{"taxonomy":"product_cat","embeddable":true,"href":"https:\/\/laviboutique.lt\/index.php\/wp-json\/wp\/v2\/product_cat?post=10752"},{"taxonomy":"product_tag","embeddable":true,"href":"https:\/\/laviboutique.lt\/index.php\/wp-json\/wp\/v2\/product_tag?post=10752"}],"curies":[{"name":"wp","href":"https:\/\/api.w.org\/{rel}","templated":true}]}}