{"id":10805,"date":"2025-10-06T14:43:09","date_gmt":"2025-10-06T11:43:09","guid":{"rendered":"https:\/\/laviboutique.lt\/?post_type=product&#038;p=10805"},"modified":"2025-10-06T14:53:02","modified_gmt":"2025-10-06T11:53:02","slug":"kremines-spalvos-suknele-annabelle","status":"publish","type":"product","link":"https:\/\/laviboutique.lt\/index.php\/produktas\/kremines-spalvos-suknele-annabelle\/","title":{"rendered":"Kremin\u0117s spalvos suknel\u0117 \u201cAnnabelle\u201d"},"content":{"rendered":"<p>I\u0161matavimai:<\/p>\n<p>S dydis: ilgis 90cm, kr\u016btin\u0117 86cm-90cm, liemuo 72cm-74cm, rankov\u0117 65cm<\/p>\n<p>M dydis: ilgis 91cm, kr\u016btin\u0117 90cm-96cm, liemuo 74cm-76cm, rankov\u0117 66cm<\/p>\n","protected":false},"excerpt":{"rendered":"<p>I\u0161matavimai: S dydis: ilgis 90cm, kr\u016btin\u0117 86cm-90cm, liemuo 72cm-74cm, rankov\u0117 65cm M dydis: ilgis 91cm, kr\u016btin\u0117 90cm-96cm, liemuo 74cm-76cm, rankov\u0117 66cm<\/p>\n","protected":false},"featured_media":10803,"template":"","meta":{"om_disable_all_campaigns":false,"_monsterinsights_skip_tracking":false,"_monsterinsights_sitenote_active":false,"_monsterinsights_sitenote_note":"","_monsterinsights_sitenote_category":0},"product_cat":[22],"product_tag":[],"aioseo_notices":[],"jetpack_sharing_enabled":true,"_links":{"self":[{"href":"https:\/\/laviboutique.lt\/index.php\/wp-json\/wp\/v2\/product\/10805"}],"collection":[{"href":"https:\/\/laviboutique.lt\/index.php\/wp-json\/wp\/v2\/product"}],"about":[{"href":"https:\/\/laviboutique.lt\/index.php\/wp-json\/wp\/v2\/types\/product"}],"wp:featuredmedia":[{"embeddable":true,"href":"https:\/\/laviboutique.lt\/index.php\/wp-json\/wp\/v2\/media\/10803"}],"wp:attachment":[{"href":"https:\/\/laviboutique.lt\/index.php\/wp-json\/wp\/v2\/media?parent=10805"}],"wp:term":[{"taxonomy":"product_cat","embeddable":true,"href":"https:\/\/laviboutique.lt\/index.php\/wp-json\/wp\/v2\/product_cat?post=10805"},{"taxonomy":"product_tag","embeddable":true,"href":"https:\/\/laviboutique.lt\/index.php\/wp-json\/wp\/v2\/product_tag?post=10805"}],"curies":[{"name":"wp","href":"https:\/\/api.w.org\/{rel}","templated":true}]}}