{"id":10817,"date":"2025-10-06T15:03:56","date_gmt":"2025-10-06T12:03:56","guid":{"rendered":"https:\/\/laviboutique.lt\/index.php\/produktas\/silko-imitacijos-smaragdine-suknele\/"},"modified":"2026-04-24T12:42:38","modified_gmt":"2026-04-24T09:42:38","slug":"silko-imitacijos-smaragdine-suknele","status":"publish","type":"product","link":"https:\/\/laviboutique.lt\/index.php\/produktas\/silko-imitacijos-smaragdine-suknele\/","title":{"rendered":"\u0160ilko imitacijos smaragdin\u0117 suknel\u0117"},"content":{"rendered":"<p>Suknel\u0117s ilgis 90cm<\/p>\n<p>Susiau\u010diama, dyd\u017eiams xs\/m<\/p>\n","protected":false},"excerpt":{"rendered":"<p>Suknel\u0117s ilgis 90cm Susiau\u010diama, dyd\u017eiams xs\/m<\/p>\n","protected":false},"featured_media":10816,"template":"","meta":{"om_disable_all_campaigns":false,"_monsterinsights_skip_tracking":false,"_monsterinsights_sitenote_active":false,"_monsterinsights_sitenote_note":"","_monsterinsights_sitenote_category":0},"product_cat":[22],"product_tag":[],"aioseo_notices":[],"jetpack_sharing_enabled":true,"_links":{"self":[{"href":"https:\/\/laviboutique.lt\/index.php\/wp-json\/wp\/v2\/product\/10817"}],"collection":[{"href":"https:\/\/laviboutique.lt\/index.php\/wp-json\/wp\/v2\/product"}],"about":[{"href":"https:\/\/laviboutique.lt\/index.php\/wp-json\/wp\/v2\/types\/product"}],"wp:featuredmedia":[{"embeddable":true,"href":"https:\/\/laviboutique.lt\/index.php\/wp-json\/wp\/v2\/media\/10816"}],"wp:attachment":[{"href":"https:\/\/laviboutique.lt\/index.php\/wp-json\/wp\/v2\/media?parent=10817"}],"wp:term":[{"taxonomy":"product_cat","embeddable":true,"href":"https:\/\/laviboutique.lt\/index.php\/wp-json\/wp\/v2\/product_cat?post=10817"},{"taxonomy":"product_tag","embeddable":true,"href":"https:\/\/laviboutique.lt\/index.php\/wp-json\/wp\/v2\/product_tag?post=10817"}],"curies":[{"name":"wp","href":"https:\/\/api.w.org\/{rel}","templated":true}]}}