{"id":10860,"date":"2025-10-17T13:00:25","date_gmt":"2025-10-17T10:00:25","guid":{"rendered":"https:\/\/laviboutique.lt\/?post_type=product&#038;p=10860"},"modified":"2026-02-12T17:07:17","modified_gmt":"2026-02-12T15:07:17","slug":"dvieju-daliu-kostiumelis-britney","status":"publish","type":"product","link":"https:\/\/laviboutique.lt\/index.php\/produktas\/dvieju-daliu-kostiumelis-britney\/","title":{"rendered":"Dviej\u0173 dali\u0173 kostium\u0117lis \u201cBritney\u201d"},"content":{"rendered":"<p>Dviej\u0173 dali\u0173 kostium\u0117lis su oversize \u0161varku ir plonu dir\u017eeliu prie jo. Sud\u0117tyje 65% medviln\u0117s ir 35% poliesterio.<\/p>\n<p>I\u0161matavimai:<\/p>\n<p>S dydis<\/p>\n<p>\u0160varkas: ilgis 73cm, kr\u016btin\u0117 ir liemuo 92-95cm, rankov\u0117 64cm<\/p>\n<p>Keln\u0117s: ilgis 122cm, liemuo 68-70cm, klubai 86-90cm<\/p>\n","protected":false},"excerpt":{"rendered":"<p>65% medviln\u0117, 35% poliesteris<\/p>\n","protected":false},"featured_media":10856,"template":"","meta":{"om_disable_all_campaigns":false,"_monsterinsights_skip_tracking":false,"_monsterinsights_sitenote_active":false,"_monsterinsights_sitenote_note":"","_monsterinsights_sitenote_category":0},"product_cat":[23],"product_tag":[],"aioseo_notices":[],"jetpack_sharing_enabled":true,"_links":{"self":[{"href":"https:\/\/laviboutique.lt\/index.php\/wp-json\/wp\/v2\/product\/10860"}],"collection":[{"href":"https:\/\/laviboutique.lt\/index.php\/wp-json\/wp\/v2\/product"}],"about":[{"href":"https:\/\/laviboutique.lt\/index.php\/wp-json\/wp\/v2\/types\/product"}],"wp:featuredmedia":[{"embeddable":true,"href":"https:\/\/laviboutique.lt\/index.php\/wp-json\/wp\/v2\/media\/10856"}],"wp:attachment":[{"href":"https:\/\/laviboutique.lt\/index.php\/wp-json\/wp\/v2\/media?parent=10860"}],"wp:term":[{"taxonomy":"product_cat","embeddable":true,"href":"https:\/\/laviboutique.lt\/index.php\/wp-json\/wp\/v2\/product_cat?post=10860"},{"taxonomy":"product_tag","embeddable":true,"href":"https:\/\/laviboutique.lt\/index.php\/wp-json\/wp\/v2\/product_tag?post=10860"}],"curies":[{"name":"wp","href":"https:\/\/api.w.org\/{rel}","templated":true}]}}