{"id":10887,"date":"2025-11-19T22:38:00","date_gmt":"2025-11-19T20:38:00","guid":{"rendered":"https:\/\/laviboutique.lt\/index.php\/produktas\/verstos-odos-imitacijos-svarkas-striuke\/"},"modified":"2025-11-19T22:38:02","modified_gmt":"2025-11-19T20:38:02","slug":"verstos-odos-imitacijos-svarkas-striuke","status":"publish","type":"product","link":"https:\/\/laviboutique.lt\/index.php\/produktas\/verstos-odos-imitacijos-svarkas-striuke\/","title":{"rendered":"Verstos odos imitacijos \u0161varkas\/striuk\u0117"},"content":{"rendered":"","protected":false},"excerpt":{"rendered":"<p>Dydis universalus, re\u010diau tiks XS arba S dyd\u017eiams<\/p>\n","protected":false},"featured_media":10883,"template":"","meta":{"om_disable_all_campaigns":false,"_monsterinsights_skip_tracking":false,"_monsterinsights_sitenote_active":false,"_monsterinsights_sitenote_note":"","_monsterinsights_sitenote_category":0},"product_cat":[28],"product_tag":[],"aioseo_notices":[],"jetpack_sharing_enabled":true,"_links":{"self":[{"href":"https:\/\/laviboutique.lt\/index.php\/wp-json\/wp\/v2\/product\/10887"}],"collection":[{"href":"https:\/\/laviboutique.lt\/index.php\/wp-json\/wp\/v2\/product"}],"about":[{"href":"https:\/\/laviboutique.lt\/index.php\/wp-json\/wp\/v2\/types\/product"}],"wp:featuredmedia":[{"embeddable":true,"href":"https:\/\/laviboutique.lt\/index.php\/wp-json\/wp\/v2\/media\/10883"}],"wp:attachment":[{"href":"https:\/\/laviboutique.lt\/index.php\/wp-json\/wp\/v2\/media?parent=10887"}],"wp:term":[{"taxonomy":"product_cat","embeddable":true,"href":"https:\/\/laviboutique.lt\/index.php\/wp-json\/wp\/v2\/product_cat?post=10887"},{"taxonomy":"product_tag","embeddable":true,"href":"https:\/\/laviboutique.lt\/index.php\/wp-json\/wp\/v2\/product_tag?post=10887"}],"curies":[{"name":"wp","href":"https:\/\/api.w.org\/{rel}","templated":true}]}}