{"id":10942,"date":"2026-01-21T17:35:57","date_gmt":"2026-01-21T15:35:57","guid":{"rendered":"https:\/\/laviboutique.lt\/?post_type=product&#038;p=10942"},"modified":"2026-02-12T12:22:22","modified_gmt":"2026-02-12T10:22:22","slug":"kremines-suknele-geletu-sijonu","status":"publish","type":"product","link":"https:\/\/laviboutique.lt\/index.php\/produktas\/kremines-suknele-geletu-sijonu\/","title":{"rendered":"Kremin\u0117 suknel\u0117 \u201cBlossom\u201d"},"content":{"rendered":"<p>Suknel\u0117 yra korsetin\u0117, suvarstoma nugaroje, tad liemens ir kr\u016btin\u0117s apimtys reguliuojami rai\u0161teliais.<\/p>\n<p>I\u0161matavimai:<\/p>\n<p>S dydis: kr\u016btin\u0117 ~82-85cm (kau\u0161eliai A, A\/B, B), liemuo ~66-72cm, klubai iki 98cm, ilgis 80cm<\/p>\n<p>M dydis: kr\u016btin\u0117 ~85-92cm (kau\u0161eliai A\/B, B, B\/C), liemuo ~72-78cm, klubai iki 100cm, ilgis 81cm<\/p>\n","protected":false},"excerpt":{"rendered":"<p>Modelio ne\u0161iojam\u0173 r\u016bb\u0173 dydis XS\/S, \u016bgis 167cm. Ant modelio S dydis<\/p>\n","protected":false},"featured_media":10940,"template":"","meta":{"om_disable_all_campaigns":false,"_monsterinsights_skip_tracking":false,"_monsterinsights_sitenote_active":false,"_monsterinsights_sitenote_note":"","_monsterinsights_sitenote_category":0},"product_cat":[22],"product_tag":[],"aioseo_notices":[],"jetpack_sharing_enabled":true,"_links":{"self":[{"href":"https:\/\/laviboutique.lt\/index.php\/wp-json\/wp\/v2\/product\/10942"}],"collection":[{"href":"https:\/\/laviboutique.lt\/index.php\/wp-json\/wp\/v2\/product"}],"about":[{"href":"https:\/\/laviboutique.lt\/index.php\/wp-json\/wp\/v2\/types\/product"}],"wp:featuredmedia":[{"embeddable":true,"href":"https:\/\/laviboutique.lt\/index.php\/wp-json\/wp\/v2\/media\/10940"}],"wp:attachment":[{"href":"https:\/\/laviboutique.lt\/index.php\/wp-json\/wp\/v2\/media?parent=10942"}],"wp:term":[{"taxonomy":"product_cat","embeddable":true,"href":"https:\/\/laviboutique.lt\/index.php\/wp-json\/wp\/v2\/product_cat?post=10942"},{"taxonomy":"product_tag","embeddable":true,"href":"https:\/\/laviboutique.lt\/index.php\/wp-json\/wp\/v2\/product_tag?post=10942"}],"curies":[{"name":"wp","href":"https:\/\/api.w.org\/{rel}","templated":true}]}}