{"id":10965,"date":"2026-01-21T17:47:36","date_gmt":"2026-01-21T15:47:36","guid":{"rendered":"https:\/\/laviboutique.lt\/?post_type=product&#038;p=10965"},"modified":"2026-04-26T10:52:41","modified_gmt":"2026-04-26T07:52:41","slug":"sokoladines-spalvos-suknele-sara","status":"publish","type":"product","link":"https:\/\/laviboutique.lt\/index.php\/produktas\/sokoladines-spalvos-suknele-sara\/","title":{"rendered":"\u0160okoladin\u0117s spalvos suknel\u0117 \u201cSara\u201d"},"content":{"rendered":"<p><span>I\u0161matavimai: <\/span><\/p>\n<p><span>S:<\/span><span><span class=\"Apple-converted-space\">&nbsp;<\/span><\/span>Kr\u016btin\u0117<span> 86-88 cm, liemuo 66-68cm, klubai 88-90 cm<\/span><\/p>\n<p style=\"margin: 0px 0px 15px;font-family: Outfit, sans-serif;font-size: 16.559999px;font-style: normal;font-weight: 300;letter-spacing: 0.414px;text-align: left;text-indent: 0px;text-transform: none\"><span>M:<\/span><span><span class=\"Apple-converted-space\">&nbsp;<\/span><\/span>Kr\u016btin\u0117<span> 90-92 cm, liemuo 70-72cm cm, klubai 92-94 cm<\/span><\/p>\n","protected":false},"excerpt":{"rendered":"<p>I\u0161matavimai: S:&nbsp;Kr\u016btin\u0117 86-88 cm, liemuo 66-68cm, klubai 88-90 cm M:&nbsp;Kr\u016btin\u0117 90-92 cm, liemuo 70-72cm cm, klubai 92-94 cm<\/p>\n","protected":false},"featured_media":10963,"template":"","meta":{"om_disable_all_campaigns":false,"_monsterinsights_skip_tracking":false,"_monsterinsights_sitenote_active":false,"_monsterinsights_sitenote_note":"","_monsterinsights_sitenote_category":0},"product_cat":[22],"product_tag":[],"aioseo_notices":[],"jetpack_sharing_enabled":true,"_links":{"self":[{"href":"https:\/\/laviboutique.lt\/index.php\/wp-json\/wp\/v2\/product\/10965"}],"collection":[{"href":"https:\/\/laviboutique.lt\/index.php\/wp-json\/wp\/v2\/product"}],"about":[{"href":"https:\/\/laviboutique.lt\/index.php\/wp-json\/wp\/v2\/types\/product"}],"wp:featuredmedia":[{"embeddable":true,"href":"https:\/\/laviboutique.lt\/index.php\/wp-json\/wp\/v2\/media\/10963"}],"wp:attachment":[{"href":"https:\/\/laviboutique.lt\/index.php\/wp-json\/wp\/v2\/media?parent=10965"}],"wp:term":[{"taxonomy":"product_cat","embeddable":true,"href":"https:\/\/laviboutique.lt\/index.php\/wp-json\/wp\/v2\/product_cat?post=10965"},{"taxonomy":"product_tag","embeddable":true,"href":"https:\/\/laviboutique.lt\/index.php\/wp-json\/wp\/v2\/product_tag?post=10965"}],"curies":[{"name":"wp","href":"https:\/\/api.w.org\/{rel}","templated":true}]}}