{"id":10979,"date":"2026-01-22T00:05:18","date_gmt":"2026-01-21T22:05:18","guid":{"rendered":"https:\/\/laviboutique.lt\/?post_type=product&#038;p=10979"},"modified":"2026-04-29T09:45:06","modified_gmt":"2026-04-29T06:45:06","slug":"kremine-atlasine-midi-suknele-venice","status":"publish","type":"product","link":"https:\/\/laviboutique.lt\/index.php\/produktas\/kremine-atlasine-midi-suknele-venice\/","title":{"rendered":"Kremin\u0117 atlasin\u0117 midi suknel\u0117 \u201cVenice\u201d"},"content":{"rendered":"","protected":false},"excerpt":{"rendered":"","protected":false},"featured_media":10978,"template":"","meta":{"om_disable_all_campaigns":false,"_monsterinsights_skip_tracking":false,"_monsterinsights_sitenote_active":false,"_monsterinsights_sitenote_note":"","_monsterinsights_sitenote_category":0},"product_cat":[22],"product_tag":[],"aioseo_notices":[],"jetpack_sharing_enabled":true,"_links":{"self":[{"href":"https:\/\/laviboutique.lt\/index.php\/wp-json\/wp\/v2\/product\/10979"}],"collection":[{"href":"https:\/\/laviboutique.lt\/index.php\/wp-json\/wp\/v2\/product"}],"about":[{"href":"https:\/\/laviboutique.lt\/index.php\/wp-json\/wp\/v2\/types\/product"}],"wp:featuredmedia":[{"embeddable":true,"href":"https:\/\/laviboutique.lt\/index.php\/wp-json\/wp\/v2\/media\/10978"}],"wp:attachment":[{"href":"https:\/\/laviboutique.lt\/index.php\/wp-json\/wp\/v2\/media?parent=10979"}],"wp:term":[{"taxonomy":"product_cat","embeddable":true,"href":"https:\/\/laviboutique.lt\/index.php\/wp-json\/wp\/v2\/product_cat?post=10979"},{"taxonomy":"product_tag","embeddable":true,"href":"https:\/\/laviboutique.lt\/index.php\/wp-json\/wp\/v2\/product_tag?post=10979"}],"curies":[{"name":"wp","href":"https:\/\/api.w.org\/{rel}","templated":true}]}}