{"id":11004,"date":"2026-01-30T16:42:54","date_gmt":"2026-01-30T14:42:54","guid":{"rendered":"https:\/\/laviboutique.lt\/?post_type=product&#038;p=11004"},"modified":"2026-02-12T17:03:40","modified_gmt":"2026-02-12T15:03:40","slug":"smaragdine-maxi-ilgio-suknele-sandra","status":"publish","type":"product","link":"https:\/\/laviboutique.lt\/index.php\/produktas\/smaragdine-maxi-ilgio-suknele-sandra\/","title":{"rendered":"Smaragdin\u0117 maxi ilgio suknel\u0117 \u201cSandra\u201d"},"content":{"rendered":"<p>I\u0161matavimai:<\/p>\n<p>S dydis: liemuo 66-68cm, kr\u016btin\u0117 84-86cm, klubai iki 94cm<\/p>\n<p>M dydis: liemuo 72-74cm, kr\u016btin\u0117 88-90cm, klubai iki 98cm<\/p>\n","protected":false},"excerpt":{"rendered":"<p>I\u0161matavimai: S dydis: liemuo 66-68cm, kr\u016btin\u0117 84-86cm, klubai iki 94cm M dydis: liemuo 72-74cm, kr\u016btin\u0117 88-90cm, klubai iki 98cm<\/p>\n","protected":false},"featured_media":11000,"template":"","meta":{"om_disable_all_campaigns":false,"_monsterinsights_skip_tracking":false,"_monsterinsights_sitenote_active":false,"_monsterinsights_sitenote_note":"","_monsterinsights_sitenote_category":0},"product_cat":[22],"product_tag":[],"aioseo_notices":[],"jetpack_sharing_enabled":true,"_links":{"self":[{"href":"https:\/\/laviboutique.lt\/index.php\/wp-json\/wp\/v2\/product\/11004"}],"collection":[{"href":"https:\/\/laviboutique.lt\/index.php\/wp-json\/wp\/v2\/product"}],"about":[{"href":"https:\/\/laviboutique.lt\/index.php\/wp-json\/wp\/v2\/types\/product"}],"wp:featuredmedia":[{"embeddable":true,"href":"https:\/\/laviboutique.lt\/index.php\/wp-json\/wp\/v2\/media\/11000"}],"wp:attachment":[{"href":"https:\/\/laviboutique.lt\/index.php\/wp-json\/wp\/v2\/media?parent=11004"}],"wp:term":[{"taxonomy":"product_cat","embeddable":true,"href":"https:\/\/laviboutique.lt\/index.php\/wp-json\/wp\/v2\/product_cat?post=11004"},{"taxonomy":"product_tag","embeddable":true,"href":"https:\/\/laviboutique.lt\/index.php\/wp-json\/wp\/v2\/product_tag?post=11004"}],"curies":[{"name":"wp","href":"https:\/\/api.w.org\/{rel}","templated":true}]}}