{"id":11044,"date":"2026-03-04T12:42:26","date_gmt":"2026-03-04T10:42:26","guid":{"rendered":"https:\/\/laviboutique.lt\/?post_type=product&#038;p=11044"},"modified":"2026-04-29T12:14:18","modified_gmt":"2026-04-29T09:14:18","slug":"juoda-dvieju-daliu-suknele-sindi","status":"publish","type":"product","link":"https:\/\/laviboutique.lt\/index.php\/produktas\/juoda-dvieju-daliu-suknele-sindi\/","title":{"rendered":"Juoda dviej\u0173 dali\u0173 suknel\u0117 \u201cSindi\u201d"},"content":{"rendered":"<p>Sijonas + korsetas<\/p>\n","protected":false},"excerpt":{"rendered":"<p>Sijonas + korsetas<\/p>\n","protected":false},"featured_media":11047,"template":"","meta":{"om_disable_all_campaigns":false,"_monsterinsights_skip_tracking":false,"_monsterinsights_sitenote_active":false,"_monsterinsights_sitenote_note":"","_monsterinsights_sitenote_category":0},"product_cat":[22],"product_tag":[],"aioseo_notices":[],"jetpack_sharing_enabled":true,"_links":{"self":[{"href":"https:\/\/laviboutique.lt\/index.php\/wp-json\/wp\/v2\/product\/11044"}],"collection":[{"href":"https:\/\/laviboutique.lt\/index.php\/wp-json\/wp\/v2\/product"}],"about":[{"href":"https:\/\/laviboutique.lt\/index.php\/wp-json\/wp\/v2\/types\/product"}],"wp:featuredmedia":[{"embeddable":true,"href":"https:\/\/laviboutique.lt\/index.php\/wp-json\/wp\/v2\/media\/11047"}],"wp:attachment":[{"href":"https:\/\/laviboutique.lt\/index.php\/wp-json\/wp\/v2\/media?parent=11044"}],"wp:term":[{"taxonomy":"product_cat","embeddable":true,"href":"https:\/\/laviboutique.lt\/index.php\/wp-json\/wp\/v2\/product_cat?post=11044"},{"taxonomy":"product_tag","embeddable":true,"href":"https:\/\/laviboutique.lt\/index.php\/wp-json\/wp\/v2\/product_tag?post=11044"}],"curies":[{"name":"wp","href":"https:\/\/api.w.org\/{rel}","templated":true}]}}