{"id":11048,"date":"2026-03-04T12:49:32","date_gmt":"2026-03-04T10:49:32","guid":{"rendered":"https:\/\/laviboutique.lt\/?post_type=product&#038;p=11048"},"modified":"2026-04-20T02:26:02","modified_gmt":"2026-04-19T23:26:02","slug":"balta-dvieju-daliu-suknele-sindi","status":"publish","type":"product","link":"https:\/\/laviboutique.lt\/index.php\/produktas\/balta-dvieju-daliu-suknele-sindi\/","title":{"rendered":"Balta dviej\u0173 dali\u0173 suknel\u0117 \u201cSindi\u201d"},"content":{"rendered":"<p>Sijonas + korsetas<\/p>\n","protected":false},"excerpt":{"rendered":"<p>Sijonas + korsetas<\/p>\n","protected":false},"featured_media":11057,"template":"","meta":{"om_disable_all_campaigns":false,"_monsterinsights_skip_tracking":false,"_monsterinsights_sitenote_active":false,"_monsterinsights_sitenote_note":"","_monsterinsights_sitenote_category":0},"product_cat":[22],"product_tag":[],"aioseo_notices":[],"jetpack_sharing_enabled":true,"_links":{"self":[{"href":"https:\/\/laviboutique.lt\/index.php\/wp-json\/wp\/v2\/product\/11048"}],"collection":[{"href":"https:\/\/laviboutique.lt\/index.php\/wp-json\/wp\/v2\/product"}],"about":[{"href":"https:\/\/laviboutique.lt\/index.php\/wp-json\/wp\/v2\/types\/product"}],"wp:featuredmedia":[{"embeddable":true,"href":"https:\/\/laviboutique.lt\/index.php\/wp-json\/wp\/v2\/media\/11057"}],"wp:attachment":[{"href":"https:\/\/laviboutique.lt\/index.php\/wp-json\/wp\/v2\/media?parent=11048"}],"wp:term":[{"taxonomy":"product_cat","embeddable":true,"href":"https:\/\/laviboutique.lt\/index.php\/wp-json\/wp\/v2\/product_cat?post=11048"},{"taxonomy":"product_tag","embeddable":true,"href":"https:\/\/laviboutique.lt\/index.php\/wp-json\/wp\/v2\/product_tag?post=11048"}],"curies":[{"name":"wp","href":"https:\/\/api.w.org\/{rel}","templated":true}]}}