{"id":11080,"date":"2026-03-06T13:38:49","date_gmt":"2026-03-06T11:38:49","guid":{"rendered":"https:\/\/laviboutique.lt\/?post_type=product&#038;p=11080"},"modified":"2026-03-20T10:49:25","modified_gmt":"2026-03-20T08:49:25","slug":"dvieju-daliu-suknele-selen","status":"publish","type":"product","link":"https:\/\/laviboutique.lt\/index.php\/produktas\/dvieju-daliu-suknele-selen\/","title":{"rendered":"Dviej\u0173 dali\u0173 suknel\u0117 \u201cSelen\u201d"},"content":{"rendered":"<p>Sijonas + korsetas<\/p>\n","protected":false},"excerpt":{"rendered":"<p>Sijonas + korsetas<\/p>\n","protected":false},"featured_media":11078,"template":"","meta":{"om_disable_all_campaigns":false,"_monsterinsights_skip_tracking":false,"_monsterinsights_sitenote_active":false,"_monsterinsights_sitenote_note":"","_monsterinsights_sitenote_category":0},"product_cat":[22],"product_tag":[],"aioseo_notices":[],"jetpack_sharing_enabled":true,"_links":{"self":[{"href":"https:\/\/laviboutique.lt\/index.php\/wp-json\/wp\/v2\/product\/11080"}],"collection":[{"href":"https:\/\/laviboutique.lt\/index.php\/wp-json\/wp\/v2\/product"}],"about":[{"href":"https:\/\/laviboutique.lt\/index.php\/wp-json\/wp\/v2\/types\/product"}],"wp:featuredmedia":[{"embeddable":true,"href":"https:\/\/laviboutique.lt\/index.php\/wp-json\/wp\/v2\/media\/11078"}],"wp:attachment":[{"href":"https:\/\/laviboutique.lt\/index.php\/wp-json\/wp\/v2\/media?parent=11080"}],"wp:term":[{"taxonomy":"product_cat","embeddable":true,"href":"https:\/\/laviboutique.lt\/index.php\/wp-json\/wp\/v2\/product_cat?post=11080"},{"taxonomy":"product_tag","embeddable":true,"href":"https:\/\/laviboutique.lt\/index.php\/wp-json\/wp\/v2\/product_tag?post=11080"}],"curies":[{"name":"wp","href":"https:\/\/api.w.org\/{rel}","templated":true}]}}