{"id":11083,"date":"2026-03-06T13:46:06","date_gmt":"2026-03-06T11:46:06","guid":{"rendered":"https:\/\/laviboutique.lt\/?post_type=product&#038;p=11083"},"modified":"2026-03-06T13:47:56","modified_gmt":"2026-03-06T11:47:56","slug":"kremine-atlasine-mini-suknele","status":"publish","type":"product","link":"https:\/\/laviboutique.lt\/index.php\/produktas\/kremine-atlasine-mini-suknele\/","title":{"rendered":"Kremin\u0117 atlasin\u0117 mini suknel\u0117"},"content":{"rendered":"","protected":false},"excerpt":{"rendered":"","protected":false},"featured_media":11087,"template":"","meta":{"om_disable_all_campaigns":false,"_monsterinsights_skip_tracking":false,"_monsterinsights_sitenote_active":false,"_monsterinsights_sitenote_note":"","_monsterinsights_sitenote_category":0},"product_cat":[22],"product_tag":[],"aioseo_notices":[],"jetpack_sharing_enabled":true,"_links":{"self":[{"href":"https:\/\/laviboutique.lt\/index.php\/wp-json\/wp\/v2\/product\/11083"}],"collection":[{"href":"https:\/\/laviboutique.lt\/index.php\/wp-json\/wp\/v2\/product"}],"about":[{"href":"https:\/\/laviboutique.lt\/index.php\/wp-json\/wp\/v2\/types\/product"}],"wp:featuredmedia":[{"embeddable":true,"href":"https:\/\/laviboutique.lt\/index.php\/wp-json\/wp\/v2\/media\/11087"}],"wp:attachment":[{"href":"https:\/\/laviboutique.lt\/index.php\/wp-json\/wp\/v2\/media?parent=11083"}],"wp:term":[{"taxonomy":"product_cat","embeddable":true,"href":"https:\/\/laviboutique.lt\/index.php\/wp-json\/wp\/v2\/product_cat?post=11083"},{"taxonomy":"product_tag","embeddable":true,"href":"https:\/\/laviboutique.lt\/index.php\/wp-json\/wp\/v2\/product_tag?post=11083"}],"curies":[{"name":"wp","href":"https:\/\/api.w.org\/{rel}","templated":true}]}}