{"id":11142,"date":"2026-04-07T00:24:36","date_gmt":"2026-04-06T21:24:36","guid":{"rendered":"https:\/\/laviboutique.lt\/?post_type=product&#038;p=11142"},"modified":"2026-04-07T00:30:47","modified_gmt":"2026-04-06T21:30:47","slug":"svelnus-ph-palaikantis-veido-prausiklis-chamos-blansen-200-ml","status":"publish","type":"product","link":"https:\/\/laviboutique.lt\/index.php\/produktas\/svelnus-ph-palaikantis-veido-prausiklis-chamos-blansen-200-ml\/","title":{"rendered":"\u0160velnus, pH palaikantis veido prausiklis CHAMOS BLANSEN 200 ml"},"content":{"rendered":"<p>D\u0117l pH, artimo nat\u016braliam odos lygiui, priemon\u0117 veiksmingai pa\u0161alina ne\u0161varumus, nesausinant odos ir nepa\u017eeid\u017eiant jos nat\u016bralaus apsauginio barjero.  Sud\u0117tyje yra 7 augalini\u0173 ekstrakt\u0173 kompleksas (Azijin\u0117 Centel\u0117, Japoninis Pel\u0117virk\u0161tis, Baikalin\u0117 Kalpok\u0117, \u017dalioji Arbata, Saldymedis, Ramun\u0117l\u0117 ir Rozmarinas), kuris yra \u017einomas d\u0117l savo raminam\u0173j\u0173 ir antioksidacini\u0173 savybi\u0173.  Formul\u0117 papildyta glicerinu, kuris padeda palaikyti odos dr\u0117gm\u0119 ir komforto poj\u016bt\u012f.  <\/p>\n<p>Sud\u0117tis: Water, Disodium Cocoamphodiacetate, Sodium Cocoamphoacetate, Lauryl Glucoside, Glycerin, Sodium Lauroyl Glutamate, Sodium Chloride, Sodium Cocoyl Glutamate, Sodium Lauryl Glucose Carboxylate, Citric Acid, Glycol Distearate, 1,2-Hexanediol, Butylene Glycol, Ethylhexylglycerin, Fragrance, Disodium EDTA, Centella Asiatica Extract, Polygonum Cuspidatum Root Extract, Scutellaria Baicalensis Root Extract, Camellia Sinensis Leaf Extract, Glycyrrhiza Glabra (Licorice) Root Extract, Chamomilla Recutita (Matricaria) Flower\/Leaf Extract, Rosmarinus Officinalis (Rosemary) Leaf Extract<\/p>\n<p>Naudojimo b\u016bdas: Sudr\u0117kinkite veid\u0105 drungnu vandeniu, paskirstykite priemon\u0119 ant rank\u0173 ir i\u0161trinkite, kol susidarys \u0161velnios, kremin\u0117s putos. Plaukite veido od\u0105, tuomet kruop\u0161\u010diai nuplaukite drungnu vandeniu.<\/p>\n","protected":false},"excerpt":{"rendered":"<p>Perkant atskirai nuo drabu\u017ei\u0173 &#8211; 3-4 darbo dienos. Perkant kartu su drabu\u017eiais &#8211; 5-6 darbo dienos<\/p>\n","protected":false},"featured_media":11143,"template":"","meta":{"om_disable_all_campaigns":false,"_monsterinsights_skip_tracking":false,"_monsterinsights_sitenote_active":false,"_monsterinsights_sitenote_note":"","_monsterinsights_sitenote_category":0},"product_cat":[137],"product_tag":[],"aioseo_notices":[],"jetpack_sharing_enabled":true,"_links":{"self":[{"href":"https:\/\/laviboutique.lt\/index.php\/wp-json\/wp\/v2\/product\/11142"}],"collection":[{"href":"https:\/\/laviboutique.lt\/index.php\/wp-json\/wp\/v2\/product"}],"about":[{"href":"https:\/\/laviboutique.lt\/index.php\/wp-json\/wp\/v2\/types\/product"}],"wp:featuredmedia":[{"embeddable":true,"href":"https:\/\/laviboutique.lt\/index.php\/wp-json\/wp\/v2\/media\/11143"}],"wp:attachment":[{"href":"https:\/\/laviboutique.lt\/index.php\/wp-json\/wp\/v2\/media?parent=11142"}],"wp:term":[{"taxonomy":"product_cat","embeddable":true,"href":"https:\/\/laviboutique.lt\/index.php\/wp-json\/wp\/v2\/product_cat?post=11142"},{"taxonomy":"product_tag","embeddable":true,"href":"https:\/\/laviboutique.lt\/index.php\/wp-json\/wp\/v2\/product_tag?post=11142"}],"curies":[{"name":"wp","href":"https:\/\/api.w.org\/{rel}","templated":true}]}}