{"id":11144,"date":"2026-04-07T00:29:38","date_gmt":"2026-04-06T21:29:38","guid":{"rendered":"https:\/\/laviboutique.lt\/?post_type=product&#038;p=11144"},"modified":"2026-04-07T00:30:35","modified_gmt":"2026-04-06T21:30:35","slug":"cica-centella-raminamoji-ampule-chamos-acaci-50-ml","status":"publish","type":"product","link":"https:\/\/laviboutique.lt\/index.php\/produktas\/cica-centella-raminamoji-ampule-chamos-acaci-50-ml\/","title":{"rendered":"CICA CENTELLA raminamoji ampul\u0117 CHAMOS ACACI 50 ml"},"content":{"rendered":"<p>Sud\u0117tyje yra 82 % azijin\u0117s centel\u0117s ekstrakto (Centella asiatica), kuris gars\u0117ja i\u0161skirtin\u0117mis raminamosiomis ir regeneruojan\u010diomis savyb\u0117mis &#8211; pasi\u017eymi prie\u0161u\u017edegiminiu poveikiu bei padeda ma\u017einti odos paraudim\u0105 ir sudirgim\u0105. Glicerinas, beta-gliukanas ir pantenolis padeda i\u0161laikyti dr\u0117gm\u0119 odoje, gerina jos elastingum\u0105 ir komforto poj\u016bt\u012f. Niacinamidas ir adenozinas padeda skaistinti veido od\u0105 ir ma\u017einti smulki\u0173 rauk\u0161leli\u0173 matomum\u0105. Tinka vis\u0173 tip\u0173 odai, \u012fskaitant jautri\u0105 &#8211; saugo, stiprina ir padeda atkurti nat\u016bral\u0173 odos \u0161vyt\u0117jim\u0105.<\/p>\n<p>Sud\u0117tis: Water, Centella Asiatica Extract, Glycerin, Butylene Glycol, 1,2-Hexanediol, Glycereth-26, Niacinamide, Dipropylene Glycol, Carbomer, Ammonium Acryloyldimethyltaurate\/VP Copolymer, Arginine, Allantoin, Ethylhexylglycerin, Adenosine, Disodium EDTA, Macadamia Ternifolia Seed Oil, Houttuynia Cordata Extract, Beta-Glucan, Caprylic\/Capric Triglyceride, Cholesterol, Brassica Campestris (Rapeseed) Sterols, Hydrogenated Lecithin, Panthenol, Ceteth-3, Ceteth-5, Madecassoside, Dipotassium Glycyrrhizate, Portulaca Oleracea Extract, Laminaria Japonica Extract, Artemisia Vulgaris Extract, Asiaticoside, Madecassic Acid, Asiatic Acid, Diospyros Kaki Leaf Extract, Camellia Sinensis Leaf Extract, Opuntia Ficus-Indica Extract, Castanea Crenata (Chestnut) Shell Extract<\/p>\n<p>Naudojimo b\u016bdas: Nedidel\u012f kiek\u012f priemon\u0117s u\u017etepkite ant veido ir tolygiai paskirstykite ant odos.<\/p>\n","protected":false},"excerpt":{"rendered":"<p>Pristatymas perkant atskirai nuo drabu\u017ei\u0173 &#8211; 3-4 darbo dienos. Perkant kartu su drabu\u017eiais &#8211; i\u0161siuntimas per 5-6 darbo dienas<\/p>\n","protected":false},"featured_media":11145,"template":"","meta":{"om_disable_all_campaigns":false,"_monsterinsights_skip_tracking":false,"_monsterinsights_sitenote_active":false,"_monsterinsights_sitenote_note":"","_monsterinsights_sitenote_category":0},"product_cat":[137],"product_tag":[],"aioseo_notices":[],"jetpack_sharing_enabled":true,"_links":{"self":[{"href":"https:\/\/laviboutique.lt\/index.php\/wp-json\/wp\/v2\/product\/11144"}],"collection":[{"href":"https:\/\/laviboutique.lt\/index.php\/wp-json\/wp\/v2\/product"}],"about":[{"href":"https:\/\/laviboutique.lt\/index.php\/wp-json\/wp\/v2\/types\/product"}],"wp:featuredmedia":[{"embeddable":true,"href":"https:\/\/laviboutique.lt\/index.php\/wp-json\/wp\/v2\/media\/11145"}],"wp:attachment":[{"href":"https:\/\/laviboutique.lt\/index.php\/wp-json\/wp\/v2\/media?parent=11144"}],"wp:term":[{"taxonomy":"product_cat","embeddable":true,"href":"https:\/\/laviboutique.lt\/index.php\/wp-json\/wp\/v2\/product_cat?post=11144"},{"taxonomy":"product_tag","embeddable":true,"href":"https:\/\/laviboutique.lt\/index.php\/wp-json\/wp\/v2\/product_tag?post=11144"}],"curies":[{"name":"wp","href":"https:\/\/api.w.org\/{rel}","templated":true}]}}