{"id":11149,"date":"2026-04-07T00:35:07","date_gmt":"2026-04-06T21:35:07","guid":{"rendered":"https:\/\/laviboutique.lt\/?post_type=product&#038;p=11149"},"modified":"2026-04-07T00:35:07","modified_gmt":"2026-04-06T21:35:07","slug":"blend-essential-aliejus-veidui-chamos-acaci-50-ml","status":"publish","type":"product","link":"https:\/\/laviboutique.lt\/index.php\/produktas\/blend-essential-aliejus-veidui-chamos-acaci-50-ml\/","title":{"rendered":"BLEND ESSENTIAL aliejus veidui CHAMOS ACACI 50 ml"},"content":{"rendered":"<p>Produkto formul\u0117 praturtinta maitinamaisiais ir dr\u0117kinamaisiais aktyviaisiais ingredientais. Turtingas aliej\u0173 kompleksas (\u012fskaitant saul\u0117gr\u0105\u017e\u0173, avokad\u0173, kamelij\u0173, \u0161altalanki\u0173 ir simondsij\u0173 (jojoba)) padeda palaikyti elastingum\u0105 ir ger\u0105 odos b\u016bkl\u0119. Lengva tekst\u016bra greitai \u012fsigeria, stiprina nat\u016bral\u0173 odos apsaugin\u012f barjer\u0105, ma\u017eina dr\u0117gm\u0117s praradim\u0105 ir suteikia komforto poj\u016bt\u012f. Rezultatas &#8211; pails\u0117jusi ir spindinti veido oda.<\/p>\n<p>Sud\u0117tis: Caprylic\/Capric Triglyceride, Dicaprylyl Carbonate, Helianthus Annuus (Sunflower) Seed Oil, Squalane, Tocopherol, Fragrance, Simmondsia Chinensis (Jojoba) Seed Oil, Macadamia Ternifolia Seed Oil, Hippophae Rhamnoides Fruit Oil, Persea Gratissima (Avocado) Oil, Camellia Sinensis Seed Oil, Olea Europaea (Olive) Fruit Oil<\/p>\n<p>Naudojimo b\u016bdas: U\u017ela\u0161inkite 2-3 la\u0161us ant veido ir \u0161velniai \u012ftap\u0161nokite \u012f od\u0105, kol visi\u0161kai \u012fsigers. Naudokite ryte ir vakare. Intensyviai saus\u0173 odos viet\u0173 prie\u017ei\u016brai u\u017etepkite papildom\u0105 aliejaus sluoksn\u012f.<\/p>\n","protected":false},"excerpt":{"rendered":"<p>Pristatymas perkant atskirai nuo drabu\u017ei\u0173 \u2013 3-4 darbo dienos. Perkant kartu su drabu\u017eiais \u2013 i\u0161siuntimas per 5-6 darbo dienas<\/p>\n","protected":false},"featured_media":11147,"template":"","meta":{"om_disable_all_campaigns":false,"_monsterinsights_skip_tracking":false,"_monsterinsights_sitenote_active":false,"_monsterinsights_sitenote_note":"","_monsterinsights_sitenote_category":0},"product_cat":[137],"product_tag":[],"aioseo_notices":[],"jetpack_sharing_enabled":true,"_links":{"self":[{"href":"https:\/\/laviboutique.lt\/index.php\/wp-json\/wp\/v2\/product\/11149"}],"collection":[{"href":"https:\/\/laviboutique.lt\/index.php\/wp-json\/wp\/v2\/product"}],"about":[{"href":"https:\/\/laviboutique.lt\/index.php\/wp-json\/wp\/v2\/types\/product"}],"wp:featuredmedia":[{"embeddable":true,"href":"https:\/\/laviboutique.lt\/index.php\/wp-json\/wp\/v2\/media\/11147"}],"wp:attachment":[{"href":"https:\/\/laviboutique.lt\/index.php\/wp-json\/wp\/v2\/media?parent=11149"}],"wp:term":[{"taxonomy":"product_cat","embeddable":true,"href":"https:\/\/laviboutique.lt\/index.php\/wp-json\/wp\/v2\/product_cat?post=11149"},{"taxonomy":"product_tag","embeddable":true,"href":"https:\/\/laviboutique.lt\/index.php\/wp-json\/wp\/v2\/product_tag?post=11149"}],"curies":[{"name":"wp","href":"https:\/\/api.w.org\/{rel}","templated":true}]}}