{"id":11179,"date":"2026-04-07T13:49:12","date_gmt":"2026-04-07T10:49:12","guid":{"rendered":"https:\/\/laviboutique.lt\/?post_type=product&#038;p=11179"},"modified":"2026-04-07T13:58:29","modified_gmt":"2026-04-07T10:58:29","slug":"smaragdine-atlasine-suknele-venice","status":"publish","type":"product","link":"https:\/\/laviboutique.lt\/index.php\/produktas\/smaragdine-atlasine-suknele-venice\/","title":{"rendered":"Smaragdin\u0117 atlasin\u0117 suknel\u0117 \u201cVenice\u201d"},"content":{"rendered":"","protected":false},"excerpt":{"rendered":"","protected":false},"featured_media":11183,"template":"","meta":{"om_disable_all_campaigns":false,"_monsterinsights_skip_tracking":false,"_monsterinsights_sitenote_active":false,"_monsterinsights_sitenote_note":"","_monsterinsights_sitenote_category":0},"product_cat":[22],"product_tag":[],"aioseo_notices":[],"jetpack_sharing_enabled":true,"_links":{"self":[{"href":"https:\/\/laviboutique.lt\/index.php\/wp-json\/wp\/v2\/product\/11179"}],"collection":[{"href":"https:\/\/laviboutique.lt\/index.php\/wp-json\/wp\/v2\/product"}],"about":[{"href":"https:\/\/laviboutique.lt\/index.php\/wp-json\/wp\/v2\/types\/product"}],"wp:featuredmedia":[{"embeddable":true,"href":"https:\/\/laviboutique.lt\/index.php\/wp-json\/wp\/v2\/media\/11183"}],"wp:attachment":[{"href":"https:\/\/laviboutique.lt\/index.php\/wp-json\/wp\/v2\/media?parent=11179"}],"wp:term":[{"taxonomy":"product_cat","embeddable":true,"href":"https:\/\/laviboutique.lt\/index.php\/wp-json\/wp\/v2\/product_cat?post=11179"},{"taxonomy":"product_tag","embeddable":true,"href":"https:\/\/laviboutique.lt\/index.php\/wp-json\/wp\/v2\/product_tag?post=11179"}],"curies":[{"name":"wp","href":"https:\/\/api.w.org\/{rel}","templated":true}]}}