{"id":11241,"date":"2026-04-27T02:24:06","date_gmt":"2026-04-26T23:24:06","guid":{"rendered":"https:\/\/laviboutique.lt\/?post_type=product&#038;p=11241"},"modified":"2026-04-27T18:43:32","modified_gmt":"2026-04-27T15:43:32","slug":"sidabriniai-bateliai-blizganciais-dirzeliais","status":"publish","type":"product","link":"https:\/\/laviboutique.lt\/index.php\/produktas\/sidabriniai-bateliai-blizganciais-dirzeliais\/","title":{"rendered":"Sidabriniai bateliai blizgan\u010diais dir\u017eeliais"},"content":{"rendered":"<p>Kulno auk\u0161tis 7cm<\/p>\n<p>Vidpadis:<span class=\"Apple-converted-space\">&nbsp;<\/span><\/p>\n<p>36 \u2013 23,5cm<br \/>\n37 \u2013 24cm<br \/>\n38 \u2013 24,5<br \/>\n39 \u2013 25cm<br \/>\n40 \u2013 26cm<br \/>\n41 \u2013 26,5cm<\/p>\n","protected":false},"excerpt":{"rendered":"<p>Kulno auk\u0161tis 7cm Vidpadis:&nbsp; 36 \u2013 23,5cm 37 \u2013 24cm 38 \u2013 24,5 39 \u2013 25cm 40 \u2013 26cm 41 \u2013 26,5cm<\/p>\n","protected":false},"featured_media":11252,"template":"","meta":{"om_disable_all_campaigns":false,"_monsterinsights_skip_tracking":false,"_monsterinsights_sitenote_active":false,"_monsterinsights_sitenote_note":"","_monsterinsights_sitenote_category":0},"product_cat":[30],"product_tag":[],"aioseo_notices":[],"jetpack_sharing_enabled":true,"_links":{"self":[{"href":"https:\/\/laviboutique.lt\/index.php\/wp-json\/wp\/v2\/product\/11241"}],"collection":[{"href":"https:\/\/laviboutique.lt\/index.php\/wp-json\/wp\/v2\/product"}],"about":[{"href":"https:\/\/laviboutique.lt\/index.php\/wp-json\/wp\/v2\/types\/product"}],"wp:featuredmedia":[{"embeddable":true,"href":"https:\/\/laviboutique.lt\/index.php\/wp-json\/wp\/v2\/media\/11252"}],"wp:attachment":[{"href":"https:\/\/laviboutique.lt\/index.php\/wp-json\/wp\/v2\/media?parent=11241"}],"wp:term":[{"taxonomy":"product_cat","embeddable":true,"href":"https:\/\/laviboutique.lt\/index.php\/wp-json\/wp\/v2\/product_cat?post=11241"},{"taxonomy":"product_tag","embeddable":true,"href":"https:\/\/laviboutique.lt\/index.php\/wp-json\/wp\/v2\/product_tag?post=11241"}],"curies":[{"name":"wp","href":"https:\/\/api.w.org\/{rel}","templated":true}]}}