{"id":1477,"date":"2022-06-08T00:15:33","date_gmt":"2022-06-07T21:15:33","guid":{"rendered":"https:\/\/laviboutique.lt\/?post_type=product&#038;p=1477"},"modified":"2024-08-05T15:48:38","modified_gmt":"2024-08-05T12:48:38","slug":"satinine-palaidine-v-formos-iskirpte","status":"publish","type":"product","link":"https:\/\/laviboutique.lt\/index.php\/produktas\/satinine-palaidine-v-formos-iskirpte\/","title":{"rendered":"Satinin\u0117 palaidin\u0117 V formos i\u0161kirpte"},"content":{"rendered":"<p>I\u0161matavimai:<\/p>\n<p>Krutin\u0117 92cm, tempiasi iki 102cm<\/p>\n<p>Ilgis 63cm<\/p>\n<p>Liemuo 100cm, tempiasi iki 110cm<\/p>\n","protected":false},"excerpt":{"rendered":"<p>Dydis universalus, \u0161leikut\u0117s reguliuojasi<\/p>\n","protected":false},"featured_media":1475,"template":"","meta":{"om_disable_all_campaigns":false,"_monsterinsights_skip_tracking":false,"_monsterinsights_sitenote_active":false,"_monsterinsights_sitenote_note":"","_monsterinsights_sitenote_category":0},"product_cat":[24,37],"product_tag":[],"aioseo_notices":[],"jetpack_sharing_enabled":true,"_links":{"self":[{"href":"https:\/\/laviboutique.lt\/index.php\/wp-json\/wp\/v2\/product\/1477"}],"collection":[{"href":"https:\/\/laviboutique.lt\/index.php\/wp-json\/wp\/v2\/product"}],"about":[{"href":"https:\/\/laviboutique.lt\/index.php\/wp-json\/wp\/v2\/types\/product"}],"wp:featuredmedia":[{"embeddable":true,"href":"https:\/\/laviboutique.lt\/index.php\/wp-json\/wp\/v2\/media\/1475"}],"wp:attachment":[{"href":"https:\/\/laviboutique.lt\/index.php\/wp-json\/wp\/v2\/media?parent=1477"}],"wp:term":[{"taxonomy":"product_cat","embeddable":true,"href":"https:\/\/laviboutique.lt\/index.php\/wp-json\/wp\/v2\/product_cat?post=1477"},{"taxonomy":"product_tag","embeddable":true,"href":"https:\/\/laviboutique.lt\/index.php\/wp-json\/wp\/v2\/product_tag?post=1477"}],"curies":[{"name":"wp","href":"https:\/\/api.w.org\/{rel}","templated":true}]}}