{"id":1609,"date":"2022-07-07T17:34:10","date_gmt":"2022-07-07T14:34:10","guid":{"rendered":"https:\/\/laviboutique.lt\/?post_type=product&#038;p=1609"},"modified":"2024-09-04T21:54:35","modified_gmt":"2024-09-04T18:54:35","slug":"palaidine-atvirais-peciais","status":"publish","type":"product","link":"https:\/\/laviboutique.lt\/index.php\/produktas\/palaidine-atvirais-peciais\/","title":{"rendered":"Palaidin\u0117 atvirais pe\u010diais"},"content":{"rendered":"","protected":false},"excerpt":{"rendered":"<p>I\u0160PARDAVIMO PREKES N\u0116RA GR\u0104\u017dINAMOS!<\/p>\n","protected":false},"featured_media":1606,"template":"","meta":{"om_disable_all_campaigns":false,"_monsterinsights_skip_tracking":false,"_monsterinsights_sitenote_active":false,"_monsterinsights_sitenote_note":"","_monsterinsights_sitenote_category":0},"product_cat":[37,99],"product_tag":[],"aioseo_notices":[],"jetpack_sharing_enabled":true,"_links":{"self":[{"href":"https:\/\/laviboutique.lt\/index.php\/wp-json\/wp\/v2\/product\/1609"}],"collection":[{"href":"https:\/\/laviboutique.lt\/index.php\/wp-json\/wp\/v2\/product"}],"about":[{"href":"https:\/\/laviboutique.lt\/index.php\/wp-json\/wp\/v2\/types\/product"}],"wp:featuredmedia":[{"embeddable":true,"href":"https:\/\/laviboutique.lt\/index.php\/wp-json\/wp\/v2\/media\/1606"}],"wp:attachment":[{"href":"https:\/\/laviboutique.lt\/index.php\/wp-json\/wp\/v2\/media?parent=1609"}],"wp:term":[{"taxonomy":"product_cat","embeddable":true,"href":"https:\/\/laviboutique.lt\/index.php\/wp-json\/wp\/v2\/product_cat?post=1609"},{"taxonomy":"product_tag","embeddable":true,"href":"https:\/\/laviboutique.lt\/index.php\/wp-json\/wp\/v2\/product_tag?post=1609"}],"curies":[{"name":"wp","href":"https:\/\/api.w.org\/{rel}","templated":true}]}}