{"id":2809,"date":"2022-12-27T21:27:37","date_gmt":"2022-12-27T19:27:37","guid":{"rendered":"https:\/\/laviboutique.lt\/?post_type=product&#038;p=2809"},"modified":"2023-12-06T15:53:00","modified_gmt":"2023-12-06T13:53:00","slug":"ilgaauliai-su-guminiu-padu","status":"publish","type":"product","link":"https:\/\/laviboutique.lt\/index.php\/produktas\/ilgaauliai-su-guminiu-padu\/","title":{"rendered":"Ilgaauliai su guminiu padu"},"content":{"rendered":"<p>Dyd\u017eius atitinka. Labai mink\u0161ti ir patog\u016bs<\/p>\n","protected":false},"excerpt":{"rendered":"<p>Dyd\u017eius atitinka. Labai mink\u0161ti ir patog\u016bs<\/p>\n","protected":false},"featured_media":2807,"template":"","meta":{"om_disable_all_campaigns":false,"_monsterinsights_skip_tracking":false,"_monsterinsights_sitenote_active":false,"_monsterinsights_sitenote_note":"","_monsterinsights_sitenote_category":0},"product_cat":[32],"product_tag":[],"aioseo_notices":[],"jetpack_sharing_enabled":true,"_links":{"self":[{"href":"https:\/\/laviboutique.lt\/index.php\/wp-json\/wp\/v2\/product\/2809"}],"collection":[{"href":"https:\/\/laviboutique.lt\/index.php\/wp-json\/wp\/v2\/product"}],"about":[{"href":"https:\/\/laviboutique.lt\/index.php\/wp-json\/wp\/v2\/types\/product"}],"wp:featuredmedia":[{"embeddable":true,"href":"https:\/\/laviboutique.lt\/index.php\/wp-json\/wp\/v2\/media\/2807"}],"wp:attachment":[{"href":"https:\/\/laviboutique.lt\/index.php\/wp-json\/wp\/v2\/media?parent=2809"}],"wp:term":[{"taxonomy":"product_cat","embeddable":true,"href":"https:\/\/laviboutique.lt\/index.php\/wp-json\/wp\/v2\/product_cat?post=2809"},{"taxonomy":"product_tag","embeddable":true,"href":"https:\/\/laviboutique.lt\/index.php\/wp-json\/wp\/v2\/product_tag?post=2809"}],"curies":[{"name":"wp","href":"https:\/\/api.w.org\/{rel}","templated":true}]}}