{"id":2870,"date":"2023-01-06T16:46:22","date_gmt":"2023-01-06T14:46:22","guid":{"rendered":"https:\/\/laviboutique.lt\/?post_type=product&#038;p=2870"},"modified":"2024-01-02T13:18:07","modified_gmt":"2024-01-02T11:18:07","slug":"viskozine-suknele-atvira-petimi","status":"publish","type":"product","link":"https:\/\/laviboutique.lt\/index.php\/produktas\/viskozine-suknele-atvira-petimi\/","title":{"rendered":"Viskozin\u0117 suknel\u0117"},"content":{"rendered":"<p>Dydis: universalus<\/p>\n<p>I\u0161matavimai: ilgis 90cm, rankov\u0117 67cm, kriutin\u0117 76-100cm, kaklas 80cm-100cm, liemuo\/klubai 70-104cm<\/p>\n<p>Sud\u0117tis: 50% viskoz\u0117, 27% poliesteris, 23% nailonas<\/p>\n","protected":false},"excerpt":{"rendered":"<p>I\u0161pardavimo prek\u0117s n\u0117ra gr\u0105\u017einamos!<\/p>\n","protected":false},"featured_media":2875,"template":"","meta":{"om_disable_all_campaigns":false,"_monsterinsights_skip_tracking":false,"_monsterinsights_sitenote_active":false,"_monsterinsights_sitenote_note":"","_monsterinsights_sitenote_category":0},"product_cat":[22,37],"product_tag":[],"aioseo_notices":[],"jetpack_sharing_enabled":true,"_links":{"self":[{"href":"https:\/\/laviboutique.lt\/index.php\/wp-json\/wp\/v2\/product\/2870"}],"collection":[{"href":"https:\/\/laviboutique.lt\/index.php\/wp-json\/wp\/v2\/product"}],"about":[{"href":"https:\/\/laviboutique.lt\/index.php\/wp-json\/wp\/v2\/types\/product"}],"wp:featuredmedia":[{"embeddable":true,"href":"https:\/\/laviboutique.lt\/index.php\/wp-json\/wp\/v2\/media\/2875"}],"wp:attachment":[{"href":"https:\/\/laviboutique.lt\/index.php\/wp-json\/wp\/v2\/media?parent=2870"}],"wp:term":[{"taxonomy":"product_cat","embeddable":true,"href":"https:\/\/laviboutique.lt\/index.php\/wp-json\/wp\/v2\/product_cat?post=2870"},{"taxonomy":"product_tag","embeddable":true,"href":"https:\/\/laviboutique.lt\/index.php\/wp-json\/wp\/v2\/product_tag?post=2870"}],"curies":[{"name":"wp","href":"https:\/\/api.w.org\/{rel}","templated":true}]}}