{"id":3451,"date":"2023-03-30T14:55:31","date_gmt":"2023-03-30T11:55:31","guid":{"rendered":"https:\/\/laviboutique.lt\/?post_type=product&#038;p=3451"},"modified":"2025-04-29T08:47:32","modified_gmt":"2025-04-29T05:47:32","slug":"auksto-liemens-dzinsai","status":"publish","type":"product","link":"https:\/\/laviboutique.lt\/index.php\/produktas\/auksto-liemens-dzinsai\/","title":{"rendered":"Auk\u0161to liemens d\u017einsai"},"content":{"rendered":"<p>I\u0161matavimai:<\/p>\n<p>XS &#8211; liemuo 56cm-64cm, klubai 76cm-80cm, ilgis 99cm<\/p>\n<p>S &#8211; liemuo 66cm-70cm, klubai 80cm-88cm, ilgid 99cm<\/p>\n<p>M &#8211; liemuo 68cm-72cm, klubai 82cm-92cm, ilgis 99cm<\/p>\n<p>L &#8211; liemuo 70cm-76cm, klubai 84cm-98cm, ilgis 100cm<\/p>\n","protected":false},"excerpt":{"rendered":"<p>I\u0160PARDAVIMO PREK\u0116S N\u0116RA GR\u0104\u017dINAMOS!Sud\u0117tis: 93% medviln\u0117, 6% poliesteris, 1% elastanas<\/p>\n<p>Labai tamprus ir patogus modelis!<\/p>\n","protected":false},"featured_media":3449,"template":"","meta":{"om_disable_all_campaigns":false,"_monsterinsights_skip_tracking":false,"_monsterinsights_sitenote_active":false,"_monsterinsights_sitenote_note":"","_monsterinsights_sitenote_category":0},"product_cat":[27,37],"product_tag":[],"aioseo_notices":[],"jetpack_sharing_enabled":true,"_links":{"self":[{"href":"https:\/\/laviboutique.lt\/index.php\/wp-json\/wp\/v2\/product\/3451"}],"collection":[{"href":"https:\/\/laviboutique.lt\/index.php\/wp-json\/wp\/v2\/product"}],"about":[{"href":"https:\/\/laviboutique.lt\/index.php\/wp-json\/wp\/v2\/types\/product"}],"wp:featuredmedia":[{"embeddable":true,"href":"https:\/\/laviboutique.lt\/index.php\/wp-json\/wp\/v2\/media\/3449"}],"wp:attachment":[{"href":"https:\/\/laviboutique.lt\/index.php\/wp-json\/wp\/v2\/media?parent=3451"}],"wp:term":[{"taxonomy":"product_cat","embeddable":true,"href":"https:\/\/laviboutique.lt\/index.php\/wp-json\/wp\/v2\/product_cat?post=3451"},{"taxonomy":"product_tag","embeddable":true,"href":"https:\/\/laviboutique.lt\/index.php\/wp-json\/wp\/v2\/product_tag?post=3451"}],"curies":[{"name":"wp","href":"https:\/\/api.w.org\/{rel}","templated":true}]}}