{"id":4254,"date":"2023-06-25T12:49:58","date_gmt":"2023-06-25T09:49:58","guid":{"rendered":"https:\/\/laviboutique.lt\/index.php\/produktas\/tamsiai-melyni-sortukai\/"},"modified":"2025-02-11T21:08:43","modified_gmt":"2025-02-11T19:08:43","slug":"tamsiai-melyni-sortukai","status":"publish","type":"product","link":"https:\/\/laviboutique.lt\/index.php\/produktas\/tamsiai-melyni-sortukai\/","title":{"rendered":"Tamsiai m\u0117lyni \u0161ortukai"},"content":{"rendered":"<p>I\u0161matavimai: 68cm-80cm, klubai 86cm-94cm, ilgis 42cm<\/p>\n","protected":false},"excerpt":{"rendered":"<p>I\u0161pardavimo prek\u0117s n\u0117ra gr\u0105\u017einamos<\/p>\n","protected":false},"featured_media":4252,"template":"","meta":{"om_disable_all_campaigns":false,"_monsterinsights_skip_tracking":false,"_monsterinsights_sitenote_active":false,"_monsterinsights_sitenote_note":"","_monsterinsights_sitenote_category":0},"product_cat":[26,37],"product_tag":[],"aioseo_notices":[],"jetpack_sharing_enabled":true,"_links":{"self":[{"href":"https:\/\/laviboutique.lt\/index.php\/wp-json\/wp\/v2\/product\/4254"}],"collection":[{"href":"https:\/\/laviboutique.lt\/index.php\/wp-json\/wp\/v2\/product"}],"about":[{"href":"https:\/\/laviboutique.lt\/index.php\/wp-json\/wp\/v2\/types\/product"}],"wp:featuredmedia":[{"embeddable":true,"href":"https:\/\/laviboutique.lt\/index.php\/wp-json\/wp\/v2\/media\/4252"}],"wp:attachment":[{"href":"https:\/\/laviboutique.lt\/index.php\/wp-json\/wp\/v2\/media?parent=4254"}],"wp:term":[{"taxonomy":"product_cat","embeddable":true,"href":"https:\/\/laviboutique.lt\/index.php\/wp-json\/wp\/v2\/product_cat?post=4254"},{"taxonomy":"product_tag","embeddable":true,"href":"https:\/\/laviboutique.lt\/index.php\/wp-json\/wp\/v2\/product_tag?post=4254"}],"curies":[{"name":"wp","href":"https:\/\/api.w.org\/{rel}","templated":true}]}}