{"id":4327,"date":"2023-06-30T16:31:56","date_gmt":"2023-06-30T13:31:56","guid":{"rendered":"https:\/\/laviboutique.lt\/?post_type=product&#038;p=4327"},"modified":"2023-08-24T15:47:03","modified_gmt":"2023-08-24T12:47:03","slug":"odines-rudos-sliopkutes","status":"publish","type":"product","link":"https:\/\/laviboutique.lt\/index.php\/produktas\/odines-rudos-sliopkutes\/","title":{"rendered":"Odin\u0117s rudos \u0161lepet\u0117s"},"content":{"rendered":"<p>Vidpadis:<\/p>\n<p>36 &#8211; 23,5cm<\/p>\n<p>37 &#8211; 24cm<\/p>\n<p>38 &#8211; 24,5cm<\/p>\n<p>39 &#8211; 25cm<\/p>\n<p>40 &#8211; 25,5cm<\/p>\n<p>41 &#8211; 26cm<\/p>\n","protected":false},"excerpt":{"rendered":"<p>I\u0160PARDAVIMO PREK\u0116S N\u0116RA GR\u0104\u017dINAMOS!<\/p>\n","protected":false},"featured_media":4326,"template":"","meta":{"om_disable_all_campaigns":false,"_monsterinsights_skip_tracking":false,"_monsterinsights_sitenote_active":false,"_monsterinsights_sitenote_note":"","_monsterinsights_sitenote_category":0},"product_cat":[34,37],"product_tag":[],"aioseo_notices":[],"jetpack_sharing_enabled":true,"_links":{"self":[{"href":"https:\/\/laviboutique.lt\/index.php\/wp-json\/wp\/v2\/product\/4327"}],"collection":[{"href":"https:\/\/laviboutique.lt\/index.php\/wp-json\/wp\/v2\/product"}],"about":[{"href":"https:\/\/laviboutique.lt\/index.php\/wp-json\/wp\/v2\/types\/product"}],"wp:featuredmedia":[{"embeddable":true,"href":"https:\/\/laviboutique.lt\/index.php\/wp-json\/wp\/v2\/media\/4326"}],"wp:attachment":[{"href":"https:\/\/laviboutique.lt\/index.php\/wp-json\/wp\/v2\/media?parent=4327"}],"wp:term":[{"taxonomy":"product_cat","embeddable":true,"href":"https:\/\/laviboutique.lt\/index.php\/wp-json\/wp\/v2\/product_cat?post=4327"},{"taxonomy":"product_tag","embeddable":true,"href":"https:\/\/laviboutique.lt\/index.php\/wp-json\/wp\/v2\/product_tag?post=4327"}],"curies":[{"name":"wp","href":"https:\/\/api.w.org\/{rel}","templated":true}]}}