{"id":5077,"date":"2023-08-14T15:13:49","date_gmt":"2023-08-14T12:13:49","guid":{"rendered":"https:\/\/laviboutique.lt\/?post_type=product&#038;p=5077"},"modified":"2026-04-29T16:50:37","modified_gmt":"2026-04-29T13:50:37","slug":"eco-odos-striuke-western-stiliaus","status":"publish","type":"product","link":"https:\/\/laviboutique.lt\/index.php\/produktas\/eco-odos-striuke-western-stiliaus\/","title":{"rendered":"Eco odos striuk\u0117 Western stiliaus"},"content":{"rendered":"<p>Rekomenduojame imti dyd\u017ei\u0173 didesn\u0119 nei ne\u0161iojate\u263a\ufe0f<\/p>\n","protected":false},"excerpt":{"rendered":"<p>Rekomenduojame imti dyd\u017ei\u0173 didesn\u0119 nei ne\u0161iojate\u263a\ufe0f<\/p>\n","protected":false},"featured_media":8706,"template":"","meta":{"om_disable_all_campaigns":false,"_monsterinsights_skip_tracking":false,"_monsterinsights_sitenote_active":false,"_monsterinsights_sitenote_note":"","_monsterinsights_sitenote_category":0},"product_cat":[28],"product_tag":[],"aioseo_notices":[],"jetpack_sharing_enabled":true,"_links":{"self":[{"href":"https:\/\/laviboutique.lt\/index.php\/wp-json\/wp\/v2\/product\/5077"}],"collection":[{"href":"https:\/\/laviboutique.lt\/index.php\/wp-json\/wp\/v2\/product"}],"about":[{"href":"https:\/\/laviboutique.lt\/index.php\/wp-json\/wp\/v2\/types\/product"}],"wp:featuredmedia":[{"embeddable":true,"href":"https:\/\/laviboutique.lt\/index.php\/wp-json\/wp\/v2\/media\/8706"}],"wp:attachment":[{"href":"https:\/\/laviboutique.lt\/index.php\/wp-json\/wp\/v2\/media?parent=5077"}],"wp:term":[{"taxonomy":"product_cat","embeddable":true,"href":"https:\/\/laviboutique.lt\/index.php\/wp-json\/wp\/v2\/product_cat?post=5077"},{"taxonomy":"product_tag","embeddable":true,"href":"https:\/\/laviboutique.lt\/index.php\/wp-json\/wp\/v2\/product_tag?post=5077"}],"curies":[{"name":"wp","href":"https:\/\/api.w.org\/{rel}","templated":true}]}}