{"id":5388,"date":"2023-08-28T18:11:25","date_gmt":"2023-08-28T15:11:25","guid":{"rendered":"https:\/\/laviboutique.lt\/?post_type=product&#038;p=5388"},"modified":"2023-08-28T18:16:24","modified_gmt":"2023-08-28T15:16:24","slug":"dzinsiniai-kremines-spalvos-sortai","status":"publish","type":"product","link":"https:\/\/laviboutique.lt\/index.php\/produktas\/dzinsiniai-kremines-spalvos-sortai\/","title":{"rendered":"D\u017einsiniai kremin\u0117s spalvos \u0161ortai"},"content":{"rendered":"","protected":false},"excerpt":{"rendered":"","protected":false},"featured_media":5393,"template":"","meta":{"om_disable_all_campaigns":false,"_monsterinsights_skip_tracking":false,"_monsterinsights_sitenote_active":false,"_monsterinsights_sitenote_note":"","_monsterinsights_sitenote_category":0},"product_cat":[26],"product_tag":[],"aioseo_notices":[],"jetpack_sharing_enabled":true,"_links":{"self":[{"href":"https:\/\/laviboutique.lt\/index.php\/wp-json\/wp\/v2\/product\/5388"}],"collection":[{"href":"https:\/\/laviboutique.lt\/index.php\/wp-json\/wp\/v2\/product"}],"about":[{"href":"https:\/\/laviboutique.lt\/index.php\/wp-json\/wp\/v2\/types\/product"}],"wp:featuredmedia":[{"embeddable":true,"href":"https:\/\/laviboutique.lt\/index.php\/wp-json\/wp\/v2\/media\/5393"}],"wp:attachment":[{"href":"https:\/\/laviboutique.lt\/index.php\/wp-json\/wp\/v2\/media?parent=5388"}],"wp:term":[{"taxonomy":"product_cat","embeddable":true,"href":"https:\/\/laviboutique.lt\/index.php\/wp-json\/wp\/v2\/product_cat?post=5388"},{"taxonomy":"product_tag","embeddable":true,"href":"https:\/\/laviboutique.lt\/index.php\/wp-json\/wp\/v2\/product_tag?post=5388"}],"curies":[{"name":"wp","href":"https:\/\/api.w.org\/{rel}","templated":true}]}}