{"id":5681,"date":"2023-09-13T18:59:58","date_gmt":"2023-09-13T15:59:58","guid":{"rendered":"https:\/\/laviboutique.lt\/?post_type=product&#038;p=5681"},"modified":"2025-10-06T18:31:48","modified_gmt":"2025-10-06T15:31:48","slug":"eco-odos-biker-stiliaus-oversize-kremine-striuke","status":"publish","type":"product","link":"https:\/\/laviboutique.lt\/index.php\/produktas\/eco-odos-biker-stiliaus-oversize-kremine-striuke\/","title":{"rendered":"Eco odos biker stiliaus oversize kremin\u0117 striuk\u0117"},"content":{"rendered":"","protected":false},"excerpt":{"rendered":"<p>I\u0161pardavimo prek\u0117s n\u0117ra gr\u0105\u017einamos<\/p>\n","protected":false},"featured_media":6551,"template":"","meta":{"om_disable_all_campaigns":false,"_monsterinsights_skip_tracking":false,"_monsterinsights_sitenote_active":false,"_monsterinsights_sitenote_note":"","_monsterinsights_sitenote_category":0},"product_cat":[28,37],"product_tag":[],"aioseo_notices":[],"jetpack_sharing_enabled":true,"_links":{"self":[{"href":"https:\/\/laviboutique.lt\/index.php\/wp-json\/wp\/v2\/product\/5681"}],"collection":[{"href":"https:\/\/laviboutique.lt\/index.php\/wp-json\/wp\/v2\/product"}],"about":[{"href":"https:\/\/laviboutique.lt\/index.php\/wp-json\/wp\/v2\/types\/product"}],"wp:featuredmedia":[{"embeddable":true,"href":"https:\/\/laviboutique.lt\/index.php\/wp-json\/wp\/v2\/media\/6551"}],"wp:attachment":[{"href":"https:\/\/laviboutique.lt\/index.php\/wp-json\/wp\/v2\/media?parent=5681"}],"wp:term":[{"taxonomy":"product_cat","embeddable":true,"href":"https:\/\/laviboutique.lt\/index.php\/wp-json\/wp\/v2\/product_cat?post=5681"},{"taxonomy":"product_tag","embeddable":true,"href":"https:\/\/laviboutique.lt\/index.php\/wp-json\/wp\/v2\/product_tag?post=5681"}],"curies":[{"name":"wp","href":"https:\/\/api.w.org\/{rel}","templated":true}]}}